{"id":1024,"date":"2020-03-05T15:22:52","date_gmt":"2020-03-05T15:22:52","guid":{"rendered":"http:\/\/matuma.uma.pt\/?page_id=1024"},"modified":"2020-03-05T15:25:20","modified_gmt":"2020-03-05T15:25:20","slug":"ii-workshop-matematica-na-uma-12-de-junho-de-2017","status":"publish","type":"page","link":"https:\/\/matuma.uma.pt\/index.php\/ii-workshop-matematica-na-uma-12-de-junho-de-2017\/","title":{"rendered":"II Workshop Matem\u00e1tica na UMa, 12 de junho de 2017"},"content":{"rendered":"<nav id=\"site-navigation\" class=\"main-navigation\">\n<div class=\"menu-lista-container\">\n<ul id=\"menu-lista\" class=\"nav-menu\">\n<li id=\"menu-item-474\" class=\"menu-item menu-item-type-post_type menu-item-object-page menu-item-474\"><a href=\"http:\/\/matuma.uma.pt\/index.php\/sobre-o-workshop2\/\">Sobre o <em>Workshop<\/em><\/a><\/li>\n<li id=\"menu-item-550\" class=\"menu-item menu-item-type-post_type menu-item-object-page menu-item-550\"><a href=\"http:\/\/matuma.uma.pt\/index.php\/datas-importantes2\/\">Datas importantes<\/a><\/li>\n<li id=\"menu-item-561\" class=\"menu-item menu-item-type-post_type menu-item-object-page menu-item-561\"><a href=\"http:\/\/matuma.uma.pt\/index.php\/inscricoes2\/\">Inscri\u00e7\u00f5es<\/a><\/li>\n<li id=\"menu-item-560\" class=\"menu-item menu-item-type-post_type menu-item-object-page menu-item-560\"><a href=\"http:\/\/matuma.uma.pt\/index.php\/submissao-de-resumos2\/\">Submiss\u00e3o de resumos<\/a><\/li>\n<li id=\"menu-item-852\" class=\"menu-item menu-item-type-post_type menu-item-object-page menu-item-852\"><a href=\"http:\/\/matuma.uma.pt\/index.php\/programa2\/\">Livro de resumos e programa<\/a><\/li>\n<li id=\"menu-item-646\" class=\"menu-item menu-item-type-post_type menu-item-object-page menu-item-646\"><a href=\"http:\/\/matuma.uma.pt\/index.php\/seminario-satelite2\/\">Semin\u00e1rio sat\u00e9lite<\/a><\/li>\n<li id=\"menu-item-722\" class=\"menu-item menu-item-type-post_type menu-item-object-page menu-item-722\"><a href=\"http:\/\/matuma.uma.pt\/index.php\/sobre-o-jantar2\/\">Sobre o jantar<\/a><\/li>\n<li id=\"menu-item-946\" class=\"menu-item menu-item-type-post_type menu-item-object-page menu-item-946\"><a href=\"http:\/\/matuma.uma.pt\/index.php\/galeria2\/\">Galeria<\/a><\/li>\n<\/ul>\n<\/div>\n<\/nav>\n","protected":false},"excerpt":{"rendered":"<p>Sobre o Workshop Datas importantes Inscri\u00e7\u00f5es Submiss\u00e3o de resumos Livro de resumos e programa Semin\u00e1rio sat\u00e9lite Sobre o jantar Galeria<\/p>\n","protected":false},"author":1,"featured_media":0,"parent":0,"menu_order":0,"comment_status":"closed","ping_status":"closed","template":"","meta":{"footnotes":""},"class_list":["post-1024","page","type-page","status-publish","hentry"],"_links":{"self":[{"href":"https:\/\/matuma.uma.pt\/index.php\/wp-json\/wp\/v2\/pages\/1024","targetHints":{"allow":["GET"]}}],"collection":[{"href":"https:\/\/matuma.uma.pt\/index.php\/wp-json\/wp\/v2\/pages"}],"about":[{"href":"https:\/\/matuma.uma.pt\/index.php\/wp-json\/wp\/v2\/types\/page"}],"author":[{"embeddable":true,"href":"https:\/\/matuma.uma.pt\/index.php\/wp-json\/wp\/v2\/users\/1"}],"replies":[{"embeddable":true,"href":"https:\/\/matuma.uma.pt\/index.php\/wp-json\/wp\/v2\/comments?post=1024"}],"version-history":[{"count":5,"href":"https:\/\/matuma.uma.pt\/index.php\/wp-json\/wp\/v2\/pages\/1024\/revisions"}],"predecessor-version":[{"id":1048,"href":"https:\/\/matuma.uma.pt\/index.php\/wp-json\/wp\/v2\/pages\/1024\/revisions\/1048"}],"wp:attachment":[{"href":"https:\/\/matuma.uma.pt\/index.php\/wp-json\/wp\/v2\/media?parent=1024"}],"curies":[{"name":"wp","href":"https:\/\/api.w.org\/{rel}","templated":true}]}}