{"id":1049,"date":"2020-03-05T15:29:21","date_gmt":"2020-03-05T15:29:21","guid":{"rendered":"http:\/\/matuma.uma.pt\/?page_id=1049"},"modified":"2020-03-05T15:40:18","modified_gmt":"2020-03-05T15:40:18","slug":"sobre-o-workshop2","status":"publish","type":"page","link":"https:\/\/matuma.uma.pt\/index.php\/sobre-o-workshop2\/","title":{"rendered":"II Workshop Matem\u00e1tica na UMa &#8211; Sobre o Workshop"},"content":{"rendered":"<h2 class=\"site-description\" style=\"text-align: center;\"><span style=\"color: #000000;\">\u00a0A Matem\u00e1tica e as Outras Ci\u00eancias, as Outras Ci\u00eancias e a Matem\u00e1tica<\/span><\/h2>\n<p class=\"site-description\" style=\"text-align: justify;\"><span style=\"color: #000000;\">O <em>Workshop<\/em> Matem\u00e1tica na UMa pretende ser uma celebra\u00e7\u00e3o da matem\u00e1tica na Universidade da Madeira.<\/span><\/p>\n<p class=\"site-description\" style=\"text-align: center;\"><span style=\"color: #000000;\"><img loading=\"lazy\" decoding=\"async\" class=\"size-medium wp-image-546 alignright\" src=\"http:\/\/matuma.uma.pt\/wp-content\/uploads\/2017\/03\/logouma_institucional1-300x151.png\" alt=\"logouma_institucional1\" width=\"300\" height=\"151\" srcset=\"https:\/\/matuma.uma.pt\/wp-content\/uploads\/2017\/03\/logouma_institucional1-300x151.png 300w, https:\/\/matuma.uma.pt\/wp-content\/uploads\/2017\/03\/logouma_institucional1-768x388.png 768w, https:\/\/matuma.uma.pt\/wp-content\/uploads\/2017\/03\/logouma_institucional1.png 842w\" sizes=\"auto, (max-width: 300px) 100vw, 300px\" \/><\/span><\/p>\n<p class=\"site-description\" style=\"text-align: justify;\"><span style=\"color: #000000;\">Esta segunda edi\u00e7\u00e3o tem por objetivo explorar a liga\u00e7\u00e3o da matem\u00e1tica a outras ci\u00eancias. Convidam-se todos os que se identificam com este objetivo a apresentar o seu contributo neste evento.<\/span><\/p>\n<p class=\"site-description\" style=\"text-align: justify;\"><span style=\"color: #000000;\">O <em>Workshop<\/em> destina-se, essencialmente, a professores de todos os graus de ensino e a alunos do ensino superior.<\/span><\/p>\n<p><span style=\"color: #000000;\">Data: 12 de junho de 2017.<\/span><\/p>\n<p><span style=\"color: #000000;\">Local: Sala do Senado da Universidade da Madeira, Campus Universit\u00e1rio da Penteada, Funchal.<\/span><\/p>\n<div style=\"text-align: justify;\">\n<div style=\"text-align: justify;\">\n<div style=\"text-align: justify;\">\n<p><span style=\"color: #ff6600;\">O <em>Workshop<\/em> foi validado pela Secretaria Regional de Educa\u00e7\u00e3o para efeitos de progress\u00e3o na carreira dos Docentes dos Grupos de Recrutamento: 230, 260, 420, 430, 500, 510, 520, 530, 540, 550 e 620.<\/span><\/p>\n<\/div>\n<\/div>\n<\/div>\n<pre class=\"site-description\" style=\"text-align: left;\"><span style=\"color: #808080;\">Organiza\u00e7\u00e3o: Ana Abreu (CIMA), D\u00e9lia Gouveia-Reis (CEAUL), Sandra Mendon\u00e7a (CEAUL) e Ivo Sousa-Ferreira, do Departamento de Matem\u00e1tica da Universidade da Madeira, com o apoio de<\/span><img loading=\"lazy\" decoding=\"async\" class=\"wp-image-544 aligncenter\" src=\"http:\/\/matuma.uma.pt\/wp-content\/uploads\/2017\/03\/CDA-cor-300x201.png\" alt=\"CDA - cor\" width=\"121\" height=\"81\" srcset=\"https:\/\/matuma.uma.pt\/wp-content\/uploads\/2017\/03\/CDA-cor-300x201.png 300w, https:\/\/matuma.uma.pt\/wp-content\/uploads\/2017\/03\/CDA-cor-768x514.png 768w, https:\/\/matuma.uma.pt\/wp-content\/uploads\/2017\/03\/CDA-cor.png 883w\" sizes=\"auto, (max-width: 121px) 100vw, 121px\" \/> <span style=\"color: #999999;\">Imagem de fundo: foto de La\u00eds Lopes.<\/span><\/pre>\n","protected":false},"excerpt":{"rendered":"<p>\u00a0A Matem\u00e1tica e as Outras Ci\u00eancias, as Outras Ci\u00eancias e a Matem\u00e1tica O Workshop Matem\u00e1tica na UMa pretende ser uma celebra\u00e7\u00e3o da matem\u00e1tica na Universidade da Madeira. Esta segunda edi\u00e7\u00e3o tem por objetivo explorar a liga\u00e7\u00e3o da matem\u00e1tica a outras ci\u00eancias. Convidam-se todos os que se identificam com este objetivo a apresentar o seu contributo &hellip; <a href=\"https:\/\/matuma.uma.pt\/index.php\/sobre-o-workshop2\/\" class=\"more-link\">Continuar a ler <span class=\"screen-reader-text\">II Workshop Matem\u00e1tica na UMa &#8211; Sobre o Workshop<\/span><\/a><\/p>\n","protected":false},"author":1,"featured_media":0,"parent":0,"menu_order":0,"comment_status":"closed","ping_status":"closed","template":"","meta":{"footnotes":""},"class_list":["post-1049","page","type-page","status-publish","hentry"],"_links":{"self":[{"href":"https:\/\/matuma.uma.pt\/index.php\/wp-json\/wp\/v2\/pages\/1049","targetHints":{"allow":["GET"]}}],"collection":[{"href":"https:\/\/matuma.uma.pt\/index.php\/wp-json\/wp\/v2\/pages"}],"about":[{"href":"https:\/\/matuma.uma.pt\/index.php\/wp-json\/wp\/v2\/types\/page"}],"author":[{"embeddable":true,"href":"https:\/\/matuma.uma.pt\/index.php\/wp-json\/wp\/v2\/users\/1"}],"replies":[{"embeddable":true,"href":"https:\/\/matuma.uma.pt\/index.php\/wp-json\/wp\/v2\/comments?post=1049"}],"version-history":[{"count":3,"href":"https:\/\/matuma.uma.pt\/index.php\/wp-json\/wp\/v2\/pages\/1049\/revisions"}],"predecessor-version":[{"id":1052,"href":"https:\/\/matuma.uma.pt\/index.php\/wp-json\/wp\/v2\/pages\/1049\/revisions\/1052"}],"wp:attachment":[{"href":"https:\/\/matuma.uma.pt\/index.php\/wp-json\/wp\/v2\/media?parent=1049"}],"curies":[{"name":"wp","href":"https:\/\/api.w.org\/{rel}","templated":true}]}}