{"id":1054,"date":"2020-03-05T15:49:15","date_gmt":"2020-03-05T15:49:15","guid":{"rendered":"http:\/\/matuma.uma.pt\/?page_id=1054"},"modified":"2026-02-06T23:45:57","modified_gmt":"2026-02-06T23:45:57","slug":"datas-importantes","status":"publish","type":"page","link":"https:\/\/matuma.uma.pt\/index.php\/datas-importantes\/","title":{"rendered":"Datas importantes"},"content":{"rendered":"<p><span style=\"color: #000000;\"><strong>26\/04\/2026\u00a0<\/strong>&#8211; D<\/span><span style=\"color: #000000;\">ata limite para a submiss\u00e3o dos resumos e inscri\u00e7\u00e3o no <em>Workshop<\/em> (com apresenta\u00e7\u00e3o de comunica\u00e7\u00e3o).<\/span><\/p>\n<p><span style=\"color: #000000;\"><strong>11\/05\/2026<\/strong> &#8211; <\/span><span style=\"color: #000000;\">Data limite para a decis\u00e3o de aceita\u00e7\u00e3o dos resumos.<\/span><\/p>\n<p><span style=\"color: #000000;\"><strong>15\/05\/2026<\/strong> &#8211; D<\/span><span style=\"color: #000000;\">ata limite para a inscri\u00e7\u00e3o no <em>Workshop<\/em> (sem apresenta\u00e7\u00e3o de comunica\u00e7\u00e3o).<\/span><\/p>\n<p><span style=\"color: #000000;\"><strong>2-3\/06\/2026<\/strong> &#8211; Dias da realiza\u00e7\u00e3o do <em>Workshop<\/em>.<\/span><\/p>\n","protected":false},"excerpt":{"rendered":"<p>26\/04\/2026\u00a0&#8211; Data limite para a submiss\u00e3o dos resumos e inscri\u00e7\u00e3o no Workshop (com apresenta\u00e7\u00e3o de comunica\u00e7\u00e3o). 11\/05\/2026 &#8211; Data limite para a decis\u00e3o de aceita\u00e7\u00e3o dos resumos. 15\/05\/2026 &#8211; Data limite para a inscri\u00e7\u00e3o no Workshop (sem apresenta\u00e7\u00e3o de comunica\u00e7\u00e3o). 2-3\/06\/2026 &#8211; Dias da realiza\u00e7\u00e3o do Workshop.<\/p>\n","protected":false},"author":1,"featured_media":0,"parent":0,"menu_order":0,"comment_status":"closed","ping_status":"closed","template":"","meta":{"footnotes":""},"class_list":["post-1054","page","type-page","status-publish","hentry"],"_links":{"self":[{"href":"https:\/\/matuma.uma.pt\/index.php\/wp-json\/wp\/v2\/pages\/1054","targetHints":{"allow":["GET"]}}],"collection":[{"href":"https:\/\/matuma.uma.pt\/index.php\/wp-json\/wp\/v2\/pages"}],"about":[{"href":"https:\/\/matuma.uma.pt\/index.php\/wp-json\/wp\/v2\/types\/page"}],"author":[{"embeddable":true,"href":"https:\/\/matuma.uma.pt\/index.php\/wp-json\/wp\/v2\/users\/1"}],"replies":[{"embeddable":true,"href":"https:\/\/matuma.uma.pt\/index.php\/wp-json\/wp\/v2\/comments?post=1054"}],"version-history":[{"count":8,"href":"https:\/\/matuma.uma.pt\/index.php\/wp-json\/wp\/v2\/pages\/1054\/revisions"}],"predecessor-version":[{"id":1090,"href":"https:\/\/matuma.uma.pt\/index.php\/wp-json\/wp\/v2\/pages\/1054\/revisions\/1090"}],"wp:attachment":[{"href":"https:\/\/matuma.uma.pt\/index.php\/wp-json\/wp\/v2\/media?parent=1054"}],"curies":[{"name":"wp","href":"https:\/\/api.w.org\/{rel}","templated":true}]}}