{"id":1056,"date":"2020-03-05T16:00:12","date_gmt":"2020-03-05T16:00:12","guid":{"rendered":"http:\/\/matuma.uma.pt\/?page_id=1056"},"modified":"2026-03-05T18:00:53","modified_gmt":"2026-03-05T18:00:53","slug":"inscricoes","status":"publish","type":"page","link":"https:\/\/matuma.uma.pt\/index.php\/inscricoes\/","title":{"rendered":"Inscri\u00e7\u00f5es"},"content":{"rendered":"<h6>As inscri\u00e7\u00f5es no <em>Workshop<\/em> s\u00e3o realizadas atrav\u00e9s do preenchimento do formul\u00e1rio dispon\u00edvel <a href=\"https:\/\/forms.gle\/Fwq8VQYjYMBge9Au9\" target=\"_blank\" rel=\"noopener\">AQUI<\/a>.<\/h6>\n<h6>Datas limite para a inscri\u00e7\u00e3o no <em>Workshop<\/em><\/h6>\n<p><strong>26\/04\/2026\u00a0<\/strong>&#8211; Com apresenta\u00e7\u00e3o de comunica\u00e7\u00e3o.<br \/><strong>15\/05\/2026<\/strong> &#8211; Sem apresenta\u00e7\u00e3o de comunica\u00e7\u00e3o.<\/p>\n<h6>Pre\u00e7os da inscri\u00e7\u00e3o (inclui certificado)<\/h6>\n<p><span class=\"aDTYNe snByac OvPDhc OIC90c\" dir=\"auto\">Estudante da UMa, com apresenta\u00e7\u00e3o de poster: Inscri\u00e7\u00e3o gratuita<br \/><\/span><span class=\"aDTYNe snByac OvPDhc OIC90c\" dir=\"auto\">Estudante da UMa, sem apresenta\u00e7\u00e3o de poster: 5 Euros<br \/><\/span><span class=\"aDTYNe snByac OvPDhc OIC90c\" dir=\"auto\">Membro da UMa, n\u00e3o estudante: 5 Euros<br \/><\/span><span class=\"aDTYNe snByac OvPDhc OIC90c\" dir=\"auto\">Participante Externo: 10 Euros<\/span><\/p>\n\n\n<p><\/p>\n","protected":false},"excerpt":{"rendered":"<p>As inscri\u00e7\u00f5es no Workshop s\u00e3o realizadas atrav\u00e9s do preenchimento do formul\u00e1rio dispon\u00edvel AQUI. Datas limite para a inscri\u00e7\u00e3o no Workshop 26\/04\/2026\u00a0&#8211; Com apresenta\u00e7\u00e3o de comunica\u00e7\u00e3o.15\/05\/2026 &#8211; Sem apresenta\u00e7\u00e3o de comunica\u00e7\u00e3o. Pre\u00e7os da inscri\u00e7\u00e3o (inclui certificado) Estudante da UMa, com apresenta\u00e7\u00e3o de poster: Inscri\u00e7\u00e3o gratuitaEstudante da UMa, sem apresenta\u00e7\u00e3o de poster: 5 EurosMembro da UMa, n\u00e3o &hellip; <a href=\"https:\/\/matuma.uma.pt\/index.php\/inscricoes\/\" class=\"more-link\">Continuar a ler <span class=\"screen-reader-text\">Inscri\u00e7\u00f5es<\/span><\/a><\/p>\n","protected":false},"author":1,"featured_media":0,"parent":0,"menu_order":0,"comment_status":"closed","ping_status":"closed","template":"","meta":{"footnotes":""},"class_list":["post-1056","page","type-page","status-publish","hentry"],"_links":{"self":[{"href":"https:\/\/matuma.uma.pt\/index.php\/wp-json\/wp\/v2\/pages\/1056","targetHints":{"allow":["GET"]}}],"collection":[{"href":"https:\/\/matuma.uma.pt\/index.php\/wp-json\/wp\/v2\/pages"}],"about":[{"href":"https:\/\/matuma.uma.pt\/index.php\/wp-json\/wp\/v2\/types\/page"}],"author":[{"embeddable":true,"href":"https:\/\/matuma.uma.pt\/index.php\/wp-json\/wp\/v2\/users\/1"}],"replies":[{"embeddable":true,"href":"https:\/\/matuma.uma.pt\/index.php\/wp-json\/wp\/v2\/comments?post=1056"}],"version-history":[{"count":7,"href":"https:\/\/matuma.uma.pt\/index.php\/wp-json\/wp\/v2\/pages\/1056\/revisions"}],"predecessor-version":[{"id":1115,"href":"https:\/\/matuma.uma.pt\/index.php\/wp-json\/wp\/v2\/pages\/1056\/revisions\/1115"}],"wp:attachment":[{"href":"https:\/\/matuma.uma.pt\/index.php\/wp-json\/wp\/v2\/media?parent=1056"}],"curies":[{"name":"wp","href":"https:\/\/api.w.org\/{rel}","templated":true}]}}