{"id":1062,"date":"2020-03-05T15:55:39","date_gmt":"2020-03-05T15:55:39","guid":{"rendered":"http:\/\/matuma.uma.pt\/?page_id=1062"},"modified":"2026-05-12T19:49:32","modified_gmt":"2026-05-12T19:49:32","slug":"sobre-o-jantar","status":"publish","type":"page","link":"https:\/\/matuma.uma.pt\/index.php\/sobre-o-jantar\/","title":{"rendered":"Sobre o jantar"},"content":{"rendered":"<h5>RESTAURANTE<\/h5>\n<p><a href=\"http:\/\/matuma.uma.pt\/wp-content\/uploads\/2026\/05\/3._Exterior_Restaurante_Tipografia.jpeg\"><img loading=\"lazy\" decoding=\"async\" class=\"size-full wp-image-1231 alignright\" src=\"http:\/\/matuma.uma.pt\/wp-content\/uploads\/2026\/05\/3._Exterior_Restaurante_Tipografia.jpeg\" alt=\"\" width=\"1040\" height=\"585\" \/><\/a><\/p>\n<h6>LOCAL E DATA<\/h6>\n<p class=\"x_elementToProof\">Restaurante Tipografia, <a id=\"OWA82b83b6e-66a7-f96b-d7b6-c217552e0cdf\" class=\"x_OWAAutoLink\" title=\"https:\/\/www.google.com\/url?sa=t&amp;source=web&amp;rct=j&amp;opi=89978449&amp;url=\/maps\/place\/\/data%3D!4m2!3m1!1s0xc6060084dd71441:0xe983c43b202a9e94%3Fsa%3DX%26ved%3D1t:8290%26ictx%3D111&amp;ved=2ahUKEwiQmuXjqLGUAxXqg_0HHfuZHhUQ4kB6BAgpEAM&amp;usg=AOvVaw31kad116GcatbV3uOnOI8S\" href=\"https:\/\/www.google.com\/url?sa=t&amp;source=web&amp;rct=j&amp;opi=89978449&amp;url=\/maps\/place\/\/data%3D!4m2!3m1!1s0xc6060084dd71441:0xe983c43b202a9e94%3Fsa%3DX%26ved%3D1t:8290%26ictx%3D111&amp;ved=2ahUKEwiQmuXjqLGUAxXqg_0HHfuZHhUQ4kB6BAgpEAM&amp;usg=AOvVaw31kad116GcatbV3uOnOI8S\" target=\"_blank\" rel=\"noopener noreferrer\" data-auth=\"NotApplicable\" data-linkindex=\"0\">R. das Pretas 8<\/a> ou <a id=\"OWA46923798-0a5f-b0de-af3e-69956e5efd2f\" class=\"x_OWAAutoLink\" title=\"https:\/\/www.google.com\/url?sa=t&amp;source=web&amp;rct=j&amp;opi=89978449&amp;url=\/maps\/place\/\/data%3D!4m2!3m1!1s0xc606009e591f7f5:0x9d53a62bc11f2c4b%3Fsa%3DX%26ved%3D1t:8290%26ictx%3D111&amp;ved=2ahUKEwj08v-CqbGUAxWZ_rsIHeUZKrcQ4kB6BAg5EAM&amp;usg=AOvVaw2nlZXToZ5m3DnJ8YPaHuEF\" href=\"https:\/\/www.google.com\/url?sa=t&amp;source=web&amp;rct=j&amp;opi=89978449&amp;url=\/maps\/place\/\/data%3D!4m2!3m1!1s0xc606009e591f7f5:0x9d53a62bc11f2c4b%3Fsa%3DX%26ved%3D1t:8290%26ictx%3D111&amp;ved=2ahUKEwj08v-CqbGUAxWZ_rsIHeUZKrcQ4kB6BAg5EAM&amp;usg=AOvVaw2nlZXToZ5m3DnJ8YPaHuEF\" target=\"_blank\" rel=\"noopener noreferrer\" data-auth=\"NotApplicable\" data-linkindex=\"1\">R. do Castanheiro 31<\/a><br \/>3 de junho \u00e0s 19h30<\/p>\n<div class=\"x_elementToProof\">\n<h6 class=\"x_elementToProof\">INSCRI\u00c7\u00c3O E PAGAMENTO<\/h6>\n<p class=\"x_elementToProof\">At\u00e9 ao dia 25 de maio, no Secretariado da Faculdade de Ci\u00eancias Exatas e da Engenharia (Campus Universit\u00e1rio da Penteada, piso 2, gabinete 2.117; Tel.: <span data-olk-copy-source=\"MessageBody\">291 705 200<\/span>). O jantar custa 45 euros por pessoa.<\/p>\n<h5 class=\"x_elementToProof\">MENUs<b><u data-olk-copy-source=\"MessageBody\"><\/u><\/b><\/h5>\n<h6>Carne ou Peixe<\/h6>\n<div>\n<ul>\n<li><b>Entrada<br \/><\/b>Requeij\u00e3o, Pitanga, Presunto Desidratado<\/li>\n<li><b>Prato Principal<br \/><\/b>Naco de Atum, Compota de Cebola Roxa Escabeche, Pur\u00e9 de Funcho, Br\u00f3colo<br \/>ou<br \/>Contra fil\u00e9 de Novilha Braseado, Br\u00e1s de Couve Portuguesa, Cenoura assada, M\u00edscaros<\/li>\n<li><b>Sobremesa<br \/><\/b>Toucinho do C\u00e9u, Gelado de Queijo e Lima<\/li>\n<\/ul>\n<hr \/>\n<h6>VEGETARIANO<\/h6>\n<ul>\n<li class=\"x_elementToProof\"><b>Entrada<br \/><\/b>Beterraba fumada em pickle, cebola crocante, creme de tofu, manga confit<\/li>\n<li class=\"x_elementToProof\"><b>Prato Principal<br \/><\/b>Risoto fumado e clorofila de espinafres, m\u00edscaros salteados, espargo fresco, pasta de tartufo e azeitonas pretas<\/li>\n<li class=\"x_elementToProof\"><b>Sobremesa<br \/><\/b>Chocolate Negro e ganaches de maracuj\u00e1, coco, avel\u00e3s caramelizadas<\/li>\n<\/ul>\n<hr \/>\n<p class=\"x_elementToProof\"><b>Caf\u00e9 ou Ch\u00e1<br \/><\/b><b><i>Petit Fours<\/i><\/b><\/p>\n<p class=\"x_elementToProof\"><b>Bebidas inclu\u00eddas durante a refei\u00e7\u00e3o:<br \/><\/b>Vinho branco ou tinto | Sele\u00e7\u00e3o Castanheiro Boutique Hotel<br \/>\u00c1guas, sumos, refrigerantes e cerveja de press\u00e3o<\/p>\n<p class=\"x_elementToProof\"><b>Couvert inclu\u00edda:\u00a0<br \/><\/b>Padeirinha mediterr\u00e2nea, p\u00e3o caseiro em fatia<br \/>Manteiga Aromatizada, azeite com redu\u00e7\u00e3o bals\u00e2mica<\/p>\n<\/div>\n<\/div>\n\n\n<p><\/p>\n","protected":false},"excerpt":{"rendered":"<p>RESTAURANTE LOCAL E DATA Restaurante Tipografia, R. das Pretas 8 ou R. do Castanheiro 313 de junho \u00e0s 19h30 INSCRI\u00c7\u00c3O E PAGAMENTO At\u00e9 ao dia 25 de maio, no Secretariado da Faculdade de Ci\u00eancias Exatas e da Engenharia (Campus Universit\u00e1rio da Penteada, piso 2, gabinete 2.117; Tel.: 291 705 200). O jantar custa 45 euros &hellip; <a href=\"https:\/\/matuma.uma.pt\/index.php\/sobre-o-jantar\/\" class=\"more-link\">Continuar a ler <span class=\"screen-reader-text\">Sobre o jantar<\/span><\/a><\/p>\n","protected":false},"author":1,"featured_media":0,"parent":0,"menu_order":0,"comment_status":"closed","ping_status":"closed","template":"","meta":{"footnotes":""},"class_list":["post-1062","page","type-page","status-publish","hentry"],"_links":{"self":[{"href":"https:\/\/matuma.uma.pt\/index.php\/wp-json\/wp\/v2\/pages\/1062","targetHints":{"allow":["GET"]}}],"collection":[{"href":"https:\/\/matuma.uma.pt\/index.php\/wp-json\/wp\/v2\/pages"}],"about":[{"href":"https:\/\/matuma.uma.pt\/index.php\/wp-json\/wp\/v2\/types\/page"}],"author":[{"embeddable":true,"href":"https:\/\/matuma.uma.pt\/index.php\/wp-json\/wp\/v2\/users\/1"}],"replies":[{"embeddable":true,"href":"https:\/\/matuma.uma.pt\/index.php\/wp-json\/wp\/v2\/comments?post=1062"}],"version-history":[{"count":10,"href":"https:\/\/matuma.uma.pt\/index.php\/wp-json\/wp\/v2\/pages\/1062\/revisions"}],"predecessor-version":[{"id":1242,"href":"https:\/\/matuma.uma.pt\/index.php\/wp-json\/wp\/v2\/pages\/1062\/revisions\/1242"}],"wp:attachment":[{"href":"https:\/\/matuma.uma.pt\/index.php\/wp-json\/wp\/v2\/media?parent=1062"}],"curies":[{"name":"wp","href":"https:\/\/api.w.org\/{rel}","templated":true}]}}