{"id":16,"date":"2016-03-16T17:17:07","date_gmt":"2016-03-16T17:17:07","guid":{"rendered":"http:\/\/matuma.uma.pt\/?page_id=16"},"modified":"2017-03-03T18:50:40","modified_gmt":"2017-03-03T18:50:40","slug":"oradores-convidados1","status":"publish","type":"page","link":"https:\/\/matuma.uma.pt\/index.php\/oradores-convidados1\/","title":{"rendered":"I Workshop Matem\u00e1tica na UMa &#8211; Oradores convidados"},"content":{"rendered":"<p>Professor Dinis Pestana,<br \/>\nProfessor Catedr\u00e1tico aposentado da Universidade de Lisboa<\/p>\n<p>Professor Jos\u00e9 Carmo,<br \/>\nProfessor Catedr\u00e1tico da Universidade da Madeira<\/p>\n<p>Professora Manuela Neves,<br \/>\nProfessora Catedr\u00e1tica da Universidade de Lisboa<\/p>\n","protected":false},"excerpt":{"rendered":"<p>Professor Dinis Pestana, Professor Catedr\u00e1tico aposentado da Universidade de Lisboa Professor Jos\u00e9 Carmo, Professor Catedr\u00e1tico da Universidade da Madeira Professora Manuela Neves, Professora Catedr\u00e1tica da Universidade de Lisboa<\/p>\n","protected":false},"author":1,"featured_media":0,"parent":0,"menu_order":0,"comment_status":"closed","ping_status":"closed","template":"","meta":{"footnotes":""},"class_list":["post-16","page","type-page","status-publish","hentry"],"_links":{"self":[{"href":"https:\/\/matuma.uma.pt\/index.php\/wp-json\/wp\/v2\/pages\/16","targetHints":{"allow":["GET"]}}],"collection":[{"href":"https:\/\/matuma.uma.pt\/index.php\/wp-json\/wp\/v2\/pages"}],"about":[{"href":"https:\/\/matuma.uma.pt\/index.php\/wp-json\/wp\/v2\/types\/page"}],"author":[{"embeddable":true,"href":"https:\/\/matuma.uma.pt\/index.php\/wp-json\/wp\/v2\/users\/1"}],"replies":[{"embeddable":true,"href":"https:\/\/matuma.uma.pt\/index.php\/wp-json\/wp\/v2\/comments?post=16"}],"version-history":[{"count":8,"href":"https:\/\/matuma.uma.pt\/index.php\/wp-json\/wp\/v2\/pages\/16\/revisions"}],"predecessor-version":[{"id":513,"href":"https:\/\/matuma.uma.pt\/index.php\/wp-json\/wp\/v2\/pages\/16\/revisions\/513"}],"wp:attachment":[{"href":"https:\/\/matuma.uma.pt\/index.php\/wp-json\/wp\/v2\/media?parent=16"}],"curies":[{"name":"wp","href":"https:\/\/api.w.org\/{rel}","templated":true}]}}