{"id":220,"date":"2016-05-31T19:34:35","date_gmt":"2016-05-31T19:34:35","guid":{"rendered":"http:\/\/matuma.uma.pt\/?page_id=220"},"modified":"2016-05-31T19:34:35","modified_gmt":"2016-05-31T19:34:35","slug":"eferme","status":"publish","type":"page","link":"https:\/\/matuma.uma.pt\/index.php\/eferme\/","title":{"rendered":"Revis\u00e3o de Cren\u00e7as \u2013 Resumo e trabalho na UMa"},"content":{"rendered":"<p><em>Eduardo Ferm\u00e9<\/em><\/p>\n<p><span data-sheets-value=\"{&quot;1&quot;:2,&quot;2&quot;:&quot;A apresenta\\u00e7\\u00e3o pretende presentar sucintamente a \\u00e1rea de revis\\u00e3o de cren\\u00e7as, a sua origem e linhas de investiga\\u00e7\\u00e3o principais. Destas linhas se comentar\\u00e1 brevemente o que \\u00e9 feito pelo grupo de investiga\\u00e7\\u00e3o na \\u00e1rea da Universidade da Madeira.\\n&quot;}\" data-sheets-userformat=\"{&quot;2&quot;:513,&quot;3&quot;:{&quot;1&quot;:0},&quot;12&quot;:0}\">A apresenta\u00e7\u00e3o pretende presentar sucintamente a \u00e1rea de revis\u00e3o de cren\u00e7as, a sua origem e linhas de investiga\u00e7\u00e3o principais. Destas linhas se comentar\u00e1 brevemente o que \u00e9 feito pelo grupo de investiga\u00e7\u00e3o na \u00e1rea da Universidade da Madeira.<br \/>\n<\/span><\/p>\n","protected":false},"excerpt":{"rendered":"<p>Eduardo Ferm\u00e9 A apresenta\u00e7\u00e3o pretende presentar sucintamente a \u00e1rea de revis\u00e3o de cren\u00e7as, a sua origem e linhas de investiga\u00e7\u00e3o principais. Destas linhas se comentar\u00e1 brevemente o que \u00e9 feito pelo grupo de investiga\u00e7\u00e3o na \u00e1rea da Universidade da Madeira.<\/p>\n","protected":false},"author":1,"featured_media":0,"parent":0,"menu_order":0,"comment_status":"closed","ping_status":"closed","template":"","meta":{"footnotes":""},"class_list":["post-220","page","type-page","status-publish","hentry"],"_links":{"self":[{"href":"https:\/\/matuma.uma.pt\/index.php\/wp-json\/wp\/v2\/pages\/220","targetHints":{"allow":["GET"]}}],"collection":[{"href":"https:\/\/matuma.uma.pt\/index.php\/wp-json\/wp\/v2\/pages"}],"about":[{"href":"https:\/\/matuma.uma.pt\/index.php\/wp-json\/wp\/v2\/types\/page"}],"author":[{"embeddable":true,"href":"https:\/\/matuma.uma.pt\/index.php\/wp-json\/wp\/v2\/users\/1"}],"replies":[{"embeddable":true,"href":"https:\/\/matuma.uma.pt\/index.php\/wp-json\/wp\/v2\/comments?post=220"}],"version-history":[{"count":1,"href":"https:\/\/matuma.uma.pt\/index.php\/wp-json\/wp\/v2\/pages\/220\/revisions"}],"predecessor-version":[{"id":221,"href":"https:\/\/matuma.uma.pt\/index.php\/wp-json\/wp\/v2\/pages\/220\/revisions\/221"}],"wp:attachment":[{"href":"https:\/\/matuma.uma.pt\/index.php\/wp-json\/wp\/v2\/media?parent=220"}],"curies":[{"name":"wp","href":"https:\/\/api.w.org\/{rel}","templated":true}]}}