{"id":233,"date":"2016-05-31T19:32:24","date_gmt":"2016-05-31T19:32:24","guid":{"rendered":"http:\/\/matuma.uma.pt\/?page_id=233"},"modified":"2016-05-31T19:32:24","modified_gmt":"2016-05-31T19:32:24","slug":"lsobrinho","status":"publish","type":"page","link":"https:\/\/matuma.uma.pt\/index.php\/lsobrinho\/","title":{"rendered":"Estudo da varia\u00e7\u00e3o do \u03b4c durante a QCD"},"content":{"rendered":"<p><em><span data-sheets-value=\"{&quot;1&quot;:2,&quot;2&quot;:&quot;Jos\\u00e9 Laurindo de G\\u00f3is N\\u00f3brega Sobrinho&quot;}\" data-sheets-userformat=\"{&quot;2&quot;:513,&quot;3&quot;:{&quot;1&quot;:0},&quot;12&quot;:0}\">Jos\u00e9 Laurindo de G\u00f3is N\u00f3brega Sobrinho<\/span><\/em><\/p>\n<p><span data-sheets-value=\"{&quot;1&quot;:2,&quot;2&quot;:&quot;Os buracos negros (BNs) s\\u00e3o objetos previstos pelas Leis da F\\u00edsica. S\\u00e3o atualmente conhecidos diversos processos pelos quais se podem formar BNs. Nesta apresenta\\u00e7\\u00e3o estamos particularmente interessados na forma\\u00e7\\u00e3o de BNs nos instantes iniciais do Universo. Estes BNs, designados de primordiais (BNPs), formam-se a partir do colapso gravitacional de flutua\\u00e7\\u00f5es locais de densidade. Para que se forme um BNP \\u00e9 necess\\u00e1rio que a amplitude da flutua\\u00e7\\u00e3o exceda um determinado valor \u03b4&lt;sub&gt;c&lt;\/sub&gt;. O valor de \u03b4&lt;sub&gt;c&lt;\/sub&gt; permanece em geral constante durante os instantes iniciais do Universo. Contudo, quando o Universo atravessa uma mudan\\u00e7a de fase, como \\u00e9 o caso da mudan\\u00e7a de fase da Cromodin\\u00e2mica Qu\\u00e2ntica (QCD) no decurso da qual quarks e glu\\u00f5es juntam-se para formarem neutr\\u00f5es e prot\\u00f5es, o valor de \u03b4&lt;sub&gt;c&lt;\/sub&gt; sofre um decr\\u00e9scimo favorecendo a eventual produ\\u00e7\\u00e3o de BNPs. Nesta apresenta\\u00e7\\u00e3o procuramos resumir o trabalho que temos vindo a realizar sobre o estudo da varia\\u00e7\\u00e3o do delta_c durante a QCD.&quot;}\" data-sheets-userformat=\"{&quot;2&quot;:513,&quot;3&quot;:{&quot;1&quot;:0},&quot;12&quot;:0}\">Os buracos negros (BNs) s\u00e3o objetos previstos pelas Leis da F\u00edsica. S\u00e3o atualmente conhecidos diversos processos pelos quais se podem formar BNs. Nesta apresenta\u00e7\u00e3o estamos particularmente interessados na forma\u00e7\u00e3o de BNs nos instantes iniciais do Universo. Estes BNs, designados de primordiais (BNPs), formam-se a partir do colapso gravitacional de flutua\u00e7\u00f5es locais de densidade. Para que se forme um BNP \u00e9 necess\u00e1rio que a amplitude da flutua\u00e7\u00e3o exceda um determinado valor <em>\u03b4<sub>c<\/sub><\/em>. O valor de\u00a0<span data-sheets-value=\"{&quot;1&quot;:2,&quot;2&quot;:&quot;Os buracos negros (BNs) s\\u00e3o objetos previstos pelas Leis da F\\u00edsica. S\\u00e3o atualmente conhecidos diversos processos pelos quais se podem formar BNs. Nesta apresenta\\u00e7\\u00e3o estamos particularmente interessados na forma\\u00e7\\u00e3o de BNs nos instantes iniciais do Universo. Estes BNs, designados de primordiais (BNPs), formam-se a partir do colapso gravitacional de flutua\\u00e7\\u00f5es locais de densidade. Para que se forme um BNP \\u00e9 necess\\u00e1rio que a amplitude da flutua\\u00e7\\u00e3o exceda um determinado valor \u03b4&lt;sub&gt;c&lt;\/sub&gt;. O valor de \u03b4&lt;sub&gt;c&lt;\/sub&gt; permanece em geral constante durante os instantes iniciais do Universo. Contudo, quando o Universo atravessa uma mudan\\u00e7a de fase, como \\u00e9 o caso da mudan\\u00e7a de fase da Cromodin\\u00e2mica Qu\\u00e2ntica (QCD) no decurso da qual quarks e glu\\u00f5es juntam-se para formarem neutr\\u00f5es e prot\\u00f5es, o valor de \u03b4&lt;sub&gt;c&lt;\/sub&gt; sofre um decr\\u00e9scimo favorecendo a eventual produ\\u00e7\\u00e3o de BNPs. Nesta apresenta\\u00e7\\u00e3o procuramos resumir o trabalho que temos vindo a realizar sobre o estudo da varia\\u00e7\\u00e3o do delta_c durante a QCD.&quot;}\" data-sheets-userformat=\"{&quot;2&quot;:513,&quot;3&quot;:{&quot;1&quot;:0},&quot;12&quot;:0}\"><em>\u03b4<sub>c<\/sub><\/em><\/span> permanece em geral constante durante os instantes iniciais do Universo. Contudo, quando o Universo atravessa uma mudan\u00e7a de fase, como \u00e9 o caso da mudan\u00e7a de fase da Cromodin\u00e2mica Qu\u00e2ntica (QCD) no decurso da qual quarks e glu\u00f5es juntam-se para formarem neutr\u00f5es e prot\u00f5es, o valor de\u00a0<em>\u03b4<sub>c<\/sub><\/em> sofre um decr\u00e9scimo favorecendo a eventual produ\u00e7\u00e3o de BNPs. Nesta apresenta\u00e7\u00e3o procuramos resumir o trabalho que temos vindo a realizar sobre o estudo da varia\u00e7\u00e3o do\u00a0<em>\u03b4<sub>c<\/sub><\/em> durante a QCD.<\/span><\/p>\n","protected":false},"excerpt":{"rendered":"<p>Jos\u00e9 Laurindo de G\u00f3is N\u00f3brega Sobrinho Os buracos negros (BNs) s\u00e3o objetos previstos pelas Leis da F\u00edsica. S\u00e3o atualmente conhecidos diversos processos pelos quais se podem formar BNs. Nesta apresenta\u00e7\u00e3o estamos particularmente interessados na forma\u00e7\u00e3o de BNs nos instantes iniciais do Universo. Estes BNs, designados de primordiais (BNPs), formam-se a partir do colapso gravitacional de &hellip; <a href=\"https:\/\/matuma.uma.pt\/index.php\/lsobrinho\/\" class=\"more-link\">Continuar a ler <span class=\"screen-reader-text\">Estudo da varia\u00e7\u00e3o do \u03b4c durante a QCD<\/span><\/a><\/p>\n","protected":false},"author":1,"featured_media":0,"parent":0,"menu_order":0,"comment_status":"closed","ping_status":"closed","template":"","meta":{"footnotes":""},"class_list":["post-233","page","type-page","status-publish","hentry"],"_links":{"self":[{"href":"https:\/\/matuma.uma.pt\/index.php\/wp-json\/wp\/v2\/pages\/233","targetHints":{"allow":["GET"]}}],"collection":[{"href":"https:\/\/matuma.uma.pt\/index.php\/wp-json\/wp\/v2\/pages"}],"about":[{"href":"https:\/\/matuma.uma.pt\/index.php\/wp-json\/wp\/v2\/types\/page"}],"author":[{"embeddable":true,"href":"https:\/\/matuma.uma.pt\/index.php\/wp-json\/wp\/v2\/users\/1"}],"replies":[{"embeddable":true,"href":"https:\/\/matuma.uma.pt\/index.php\/wp-json\/wp\/v2\/comments?post=233"}],"version-history":[{"count":7,"href":"https:\/\/matuma.uma.pt\/index.php\/wp-json\/wp\/v2\/pages\/233\/revisions"}],"predecessor-version":[{"id":267,"href":"https:\/\/matuma.uma.pt\/index.php\/wp-json\/wp\/v2\/pages\/233\/revisions\/267"}],"wp:attachment":[{"href":"https:\/\/matuma.uma.pt\/index.php\/wp-json\/wp\/v2\/media?parent=233"}],"curies":[{"name":"wp","href":"https:\/\/api.w.org\/{rel}","templated":true}]}}