{"id":238,"date":"2016-05-31T19:31:34","date_gmt":"2016-05-31T19:31:34","guid":{"rendered":"http:\/\/matuma.uma.pt\/?page_id=238"},"modified":"2016-05-31T19:31:34","modified_gmt":"2016-05-31T19:31:34","slug":"aabreu","status":"publish","type":"page","link":"https:\/\/matuma.uma.pt\/index.php\/aabreu\/","title":{"rendered":"An\u00e1lise de Sobreviv\u00eancia: acontecimentos recorrentes"},"content":{"rendered":"<p><em><span data-sheets-value=\"{&quot;1&quot;:2,&quot;2&quot;:&quot;Ana Maria Cortes\\u00e3o Pais Figueira da Silva Abreu&quot;}\" data-sheets-userformat=\"{&quot;2&quot;:513,&quot;3&quot;:{&quot;1&quot;:0},&quot;12&quot;:0}\">Ana Maria Cortes\u00e3o Pais Figueira da Silva Abreu<\/span><\/em><\/p>\n<p><span data-sheets-value=\"{&quot;1&quot;:2,&quot;2&quot;:&quot;O desenvolvimento da medicina e o aumento da esperan\\u00e7a de vida t\\u00eam originado novos desafios \\u00e0 modela\\u00e7\\u00e3o estat\\u00edstica. Em particular, a efic\\u00e1cia dos tratamentos t\\u00eam feito despertar uma realidade cada vez mais usual: a possibilidade de haver repeti\\u00e7\\u00e3o da mesma doen\\u00e7a num mesmo indiv\\\\'{i}duo, ao longo do tempo.\\n\\nAlgumas das formas de como a an\\u00e1lise de sobreviv\\u00eancia, procura responder a estes desafios \\u00e9 o que irei apresentar, abordando brevemente alguns modelos e respetivas aplica\\u00e7\\u00f5es.&quot;}\" data-sheets-userformat=\"{&quot;2&quot;:513,&quot;3&quot;:{&quot;1&quot;:0},&quot;12&quot;:0}\">O desenvolvimento da medicina e o aumento da esperan\u00e7a de vida t\u00eam originado novos desafios \u00e0 modela\u00e7\u00e3o estat\u00edstica. Em particular, a efic\u00e1cia dos tratamentos t\u00eam feito despertar uma realidade cada vez mais usual: a possibilidade de haver repeti\u00e7\u00e3o da mesma doen\u00e7a num mesmo indiv\u00edduo, ao longo do tempo.<\/span><\/p>\n<p>Algumas das formas de como a an\u00e1lise de sobreviv\u00eancia procura responder a estes desafios \u00e9 o que irei apresentar, abordando brevemente alguns modelos e respetivas aplica\u00e7\u00f5es.<\/p>\n","protected":false},"excerpt":{"rendered":"<p>Ana Maria Cortes\u00e3o Pais Figueira da Silva Abreu O desenvolvimento da medicina e o aumento da esperan\u00e7a de vida t\u00eam originado novos desafios \u00e0 modela\u00e7\u00e3o estat\u00edstica. Em particular, a efic\u00e1cia dos tratamentos t\u00eam feito despertar uma realidade cada vez mais usual: a possibilidade de haver repeti\u00e7\u00e3o da mesma doen\u00e7a num mesmo indiv\u00edduo, ao longo do &hellip; <a href=\"https:\/\/matuma.uma.pt\/index.php\/aabreu\/\" class=\"more-link\">Continuar a ler <span class=\"screen-reader-text\">An\u00e1lise de Sobreviv\u00eancia: acontecimentos recorrentes<\/span><\/a><\/p>\n","protected":false},"author":1,"featured_media":0,"parent":0,"menu_order":0,"comment_status":"closed","ping_status":"closed","template":"","meta":{"footnotes":""},"class_list":["post-238","page","type-page","status-publish","hentry"],"_links":{"self":[{"href":"https:\/\/matuma.uma.pt\/index.php\/wp-json\/wp\/v2\/pages\/238","targetHints":{"allow":["GET"]}}],"collection":[{"href":"https:\/\/matuma.uma.pt\/index.php\/wp-json\/wp\/v2\/pages"}],"about":[{"href":"https:\/\/matuma.uma.pt\/index.php\/wp-json\/wp\/v2\/types\/page"}],"author":[{"embeddable":true,"href":"https:\/\/matuma.uma.pt\/index.php\/wp-json\/wp\/v2\/users\/1"}],"replies":[{"embeddable":true,"href":"https:\/\/matuma.uma.pt\/index.php\/wp-json\/wp\/v2\/comments?post=238"}],"version-history":[{"count":4,"href":"https:\/\/matuma.uma.pt\/index.php\/wp-json\/wp\/v2\/pages\/238\/revisions"}],"predecessor-version":[{"id":273,"href":"https:\/\/matuma.uma.pt\/index.php\/wp-json\/wp\/v2\/pages\/238\/revisions\/273"}],"wp:attachment":[{"href":"https:\/\/matuma.uma.pt\/index.php\/wp-json\/wp\/v2\/media?parent=238"}],"curies":[{"name":"wp","href":"https:\/\/api.w.org\/{rel}","templated":true}]}}