{"id":246,"date":"2016-05-31T19:32:47","date_gmt":"2016-05-31T19:32:47","guid":{"rendered":"http:\/\/matuma.uma.pt\/?page_id=246"},"modified":"2016-06-01T13:55:11","modified_gmt":"2016-06-01T13:55:11","slug":"dgouveia-reis","status":"publish","type":"page","link":"https:\/\/matuma.uma.pt\/index.php\/dgouveia-reis\/","title":{"rendered":"Fun\u00e7\u00f5es c\u00f3pula e depend\u00eancia de valores extremos. Caso de estudo: Precipita\u00e7\u00e3o na Ilha da Madeira"},"content":{"rendered":"<p><em><span data-sheets-value=\"{&quot;1&quot;:2,&quot;2&quot;:&quot;Marco Paulo Ferreirinha Garapa&quot;}\" data-sheets-userformat=\"{&quot;2&quot;:513,&quot;3&quot;:{&quot;1&quot;:0},&quot;12&quot;:0}\"><span data-sheets-value=\"{&quot;1&quot;:2,&quot;2&quot;:&quot;D\\u00e9lia Gouveia-Reis&quot;}\" data-sheets-userformat=\"{&quot;2&quot;:513,&quot;3&quot;:{&quot;1&quot;:0},&quot;12&quot;:0}\">D\u00e9lia Gouveia-Reis<\/span><br \/>\n<\/span><\/em><\/p>\n<p><span data-sheets-value=\"{&quot;1&quot;:2,&quot;2&quot;:&quot;The logic of theory change became a major subject in philosophical logic and artificial intelligence in the middle of the 1980's. The AGM model of belief change was proposed by Alchourr\\u00f3n, G\\u00e4rdenfors and Makinson and acquired the status of standard model of belief change. In this model the beliefs of an agent are represented by a set of sentences closed under logical consequence. In the AGM framework there are three operations to be considered, namely expansion, contraction and revision.\\nMeanwhile several variants of this model were proposed. One of which was to represent the beliefs of an agent by a belief base, a set of sentences that is not (necessarily) closed under logical consequence. \\nMary-Anne Williams introduced the notion of ensconcement relation on a belief base and introduced two types of contractions: ensconcement-based contractions and brutal contractions.\\nIn this presentation we recall the notion of ensconcement relation and present axiomatic characterizations for these contraction operators.&quot;}\" data-sheets-userformat=\"{&quot;2&quot;:513,&quot;3&quot;:{&quot;1&quot;:0},&quot;12&quot;:0}\"><span data-sheets-value=\"{&quot;1&quot;:2,&quot;2&quot;:&quot; A depend\\u00eancia entre vari\\u00e1veis aleat\\u00f3rias desempenha um papel importante no estudo de extremos multivariados. O estudo deste t\\u00f3pico por meio de fun\\u00e7\\u00f5es c\\u00f3pula permite descrever e modelar a depend\\u00eancia entre as vari\\u00e1veis, independentemente das fun\\u00e7\\u00f5es de distribui\\u00e7\\u00e3o marginais. Na pr\\u00e1tica, a aplica\\u00e7\\u00e3o destas fun\\u00e7\\u00f5es aos dados pode ser efetuada com base em estimativas de uma medida de associa\\u00e7\\u00e3o como, por exemplo, a medida de associa\\u00e7\\u00e3o \\ud835\\udf83 de Kendall. \\nAssim, foi realizado um estudo sobre a depend\\u00eancia entre extremos de precipita\\u00e7\\u00e3o na Ilha da Madeira assente na medida de associa\\u00e7\\u00e3o \\ud835\\udf83 de Kendall, tendo sido formados grupos de tr\\u00eas esta\\u00e7\\u00f5es associadas duas a duas com os pares de esta\\u00e7\\u00f5es obtidos. Este estudo sugeriu a influ\\u00eancia da altitude, da orienta\\u00e7\\u00e3o das vertentes, da dist\\u00e2ncia entre esta\\u00e7\\u00f5es e da sua proximidade ao mar na distribui\\u00e7\\u00e3o espacial dos extremos de precipita\\u00e7\\u00e3o. Foi tamb\\u00e9m realizado um ajuste a uma fam\\u00edlia de c\\u00f3pulas de extremos envolvendo a fam\\u00edlia de Marshall-Olkin, cujos par\\u00e2metros podem ser escritos em fun\\u00e7\\u00e3o do \\ud835\\udf83 de Kendall.&quot;}\" data-sheets-userformat=\"{&quot;2&quot;:513,&quot;3&quot;:{&quot;1&quot;:0},&quot;12&quot;:0}\"> A depend\u00eancia entre vari\u00e1veis aleat\u00f3rias desempenha um papel importante no estudo de extremos multivariados. O estudo deste t\u00f3pico por meio de fun\u00e7\u00f5es c\u00f3pula permite descrever e modelar a depend\u00eancia entre as vari\u00e1veis, independentemente das fun\u00e7\u00f5es de distribui\u00e7\u00e3o marginais. Na pr\u00e1tica, a aplica\u00e7\u00e3o destas fun\u00e7\u00f5es aos dados pode ser efetuada com base em estimativas de uma medida de associa\u00e7\u00e3o como, por exemplo, a medida de associa\u00e7\u00e3o \u03c4 de Kendall.<br \/>\nAssim, foi realizado um estudo sobre a depend\u00eancia entre extremos de precipita\u00e7\u00e3o na Ilha da Madeira assente na medida de associa\u00e7\u00e3o\u00a0\u03c4 de Kendall, tendo sido formados grupos de tr\u00eas esta\u00e7\u00f5es associadas duas a duas com os pares de esta\u00e7\u00f5es obtidos. Este estudo sugeriu a influ\u00eancia da altitude, da orienta\u00e7\u00e3o das vertentes, da dist\u00e2ncia entre esta\u00e7\u00f5es e da sua proximidade ao mar na distribui\u00e7\u00e3o espacial dos extremos de precipita\u00e7\u00e3o. Foi tamb\u00e9m realizado um ajuste a uma fam\u00edlia de c\u00f3pulas de extremos envolvendo a fam\u00edlia de Marshall-Olkin, cujos par\u00e2metros podem ser escritos em fun\u00e7\u00e3o do\u00a0\u03c4 de Kendall.<\/span><br \/>\n<\/span><\/p>\n","protected":false},"excerpt":{"rendered":"<p>D\u00e9lia Gouveia-Reis A depend\u00eancia entre vari\u00e1veis aleat\u00f3rias desempenha um papel importante no estudo de extremos multivariados. O estudo deste t\u00f3pico por meio de fun\u00e7\u00f5es c\u00f3pula permite descrever e modelar a depend\u00eancia entre as vari\u00e1veis, independentemente das fun\u00e7\u00f5es de distribui\u00e7\u00e3o marginais. Na pr\u00e1tica, a aplica\u00e7\u00e3o destas fun\u00e7\u00f5es aos dados pode ser efetuada com base em estimativas &hellip; <a href=\"https:\/\/matuma.uma.pt\/index.php\/dgouveia-reis\/\" class=\"more-link\">Continuar a ler <span class=\"screen-reader-text\">Fun\u00e7\u00f5es c\u00f3pula e depend\u00eancia de valores extremos. Caso de estudo: Precipita\u00e7\u00e3o na Ilha da Madeira<\/span><\/a><\/p>\n","protected":false},"author":1,"featured_media":0,"parent":0,"menu_order":0,"comment_status":"closed","ping_status":"closed","template":"","meta":{"footnotes":""},"class_list":["post-246","page","type-page","status-publish","hentry"],"_links":{"self":[{"href":"https:\/\/matuma.uma.pt\/index.php\/wp-json\/wp\/v2\/pages\/246","targetHints":{"allow":["GET"]}}],"collection":[{"href":"https:\/\/matuma.uma.pt\/index.php\/wp-json\/wp\/v2\/pages"}],"about":[{"href":"https:\/\/matuma.uma.pt\/index.php\/wp-json\/wp\/v2\/types\/page"}],"author":[{"embeddable":true,"href":"https:\/\/matuma.uma.pt\/index.php\/wp-json\/wp\/v2\/users\/1"}],"replies":[{"embeddable":true,"href":"https:\/\/matuma.uma.pt\/index.php\/wp-json\/wp\/v2\/comments?post=246"}],"version-history":[{"count":3,"href":"https:\/\/matuma.uma.pt\/index.php\/wp-json\/wp\/v2\/pages\/246\/revisions"}],"predecessor-version":[{"id":276,"href":"https:\/\/matuma.uma.pt\/index.php\/wp-json\/wp\/v2\/pages\/246\/revisions\/276"}],"wp:attachment":[{"href":"https:\/\/matuma.uma.pt\/index.php\/wp-json\/wp\/v2\/media?parent=246"}],"curies":[{"name":"wp","href":"https:\/\/api.w.org\/{rel}","templated":true}]}}