{"id":248,"date":"2016-05-31T19:38:47","date_gmt":"2016-05-31T19:38:47","guid":{"rendered":"http:\/\/matuma.uma.pt\/?page_id=248"},"modified":"2016-05-31T19:38:47","modified_gmt":"2016-05-31T19:38:47","slug":"lcamacho","status":"publish","type":"page","link":"https:\/\/matuma.uma.pt\/index.php\/lcamacho\/","title":{"rendered":"Teoria de n\u00f3s"},"content":{"rendered":"<p><em><span data-sheets-value=\"{&quot;1&quot;:2,&quot;2&quot;:&quot;Lu\\u00eds Camacho&quot;}\" data-sheets-userformat=\"{&quot;2&quot;:513,&quot;3&quot;:{&quot;1&quot;:0},&quot;12&quot;:0}\">Lu\u00eds Camacho<\/span><\/em><\/p>\n<p><span data-sheets-value=\"{&quot;1&quot;:2,&quot;2&quot;:&quot;A teoria de n\\u00f3s tem uma longa e rica hist\\u00f3ria, dando origem a um grande n\\u00famero de diferentes invariantes. Nesta apresenta\\u00e7\\u00e3o ser\\u00e1 dedicada especial aten\\u00e7\\u00e3o a dois invariantes: o polin\\u00f3mio de Alexander e o n\\u00famero de colora\\u00e7\\u00f5es. Usando uma combina\\u00e7\\u00e3o de c\\u00e1lculo e de abordagem te\\u00f3rica, obtivemos resultados que relacionam estes dois invariantes.&quot;}\" data-sheets-userformat=\"{&quot;2&quot;:513,&quot;3&quot;:{&quot;1&quot;:0},&quot;12&quot;:0}\">A teoria de n\u00f3s tem uma longa e rica hist\u00f3ria, dando origem a um grande n\u00famero de diferentes invariantes. Nesta apresenta\u00e7\u00e3o ser\u00e1 dedicada especial aten\u00e7\u00e3o a dois invariantes: o polin\u00f3mio de Alexander e o n\u00famero de colora\u00e7\u00f5es. Usando uma combina\u00e7\u00e3o de c\u00e1lculo e de abordagem te\u00f3rica, obtivemos resultados que relacionam estes dois invariantes.<\/span><\/p>\n","protected":false},"excerpt":{"rendered":"<p>Lu\u00eds Camacho A teoria de n\u00f3s tem uma longa e rica hist\u00f3ria, dando origem a um grande n\u00famero de diferentes invariantes. Nesta apresenta\u00e7\u00e3o ser\u00e1 dedicada especial aten\u00e7\u00e3o a dois invariantes: o polin\u00f3mio de Alexander e o n\u00famero de colora\u00e7\u00f5es. Usando uma combina\u00e7\u00e3o de c\u00e1lculo e de abordagem te\u00f3rica, obtivemos resultados que relacionam estes dois invariantes.<\/p>\n","protected":false},"author":1,"featured_media":0,"parent":0,"menu_order":0,"comment_status":"closed","ping_status":"closed","template":"","meta":{"footnotes":""},"class_list":["post-248","page","type-page","status-publish","hentry"],"_links":{"self":[{"href":"https:\/\/matuma.uma.pt\/index.php\/wp-json\/wp\/v2\/pages\/248","targetHints":{"allow":["GET"]}}],"collection":[{"href":"https:\/\/matuma.uma.pt\/index.php\/wp-json\/wp\/v2\/pages"}],"about":[{"href":"https:\/\/matuma.uma.pt\/index.php\/wp-json\/wp\/v2\/types\/page"}],"author":[{"embeddable":true,"href":"https:\/\/matuma.uma.pt\/index.php\/wp-json\/wp\/v2\/users\/1"}],"replies":[{"embeddable":true,"href":"https:\/\/matuma.uma.pt\/index.php\/wp-json\/wp\/v2\/comments?post=248"}],"version-history":[{"count":1,"href":"https:\/\/matuma.uma.pt\/index.php\/wp-json\/wp\/v2\/pages\/248\/revisions"}],"predecessor-version":[{"id":249,"href":"https:\/\/matuma.uma.pt\/index.php\/wp-json\/wp\/v2\/pages\/248\/revisions\/249"}],"wp:attachment":[{"href":"https:\/\/matuma.uma.pt\/index.php\/wp-json\/wp\/v2\/media?parent=248"}],"curies":[{"name":"wp","href":"https:\/\/api.w.org\/{rel}","templated":true}]}}