{"id":250,"date":"2016-05-31T19:30:22","date_gmt":"2016-05-31T19:30:22","guid":{"rendered":"http:\/\/matuma.uma.pt\/?page_id=250"},"modified":"2016-05-31T19:30:22","modified_gmt":"2016-05-31T19:30:22","slug":"joliveira","status":"publish","type":"page","link":"https:\/\/matuma.uma.pt\/index.php\/joliveira\/","title":{"rendered":"A Aproxima\u00e7\u00e3o de Satterthwaite Revisitada"},"content":{"rendered":"<p><em><span data-sheets-value=\"{&quot;1&quot;:2,&quot;2&quot;:&quot;Jo\\u00e3o Lu\\u00eds Nogueira de Oliveira&quot;}\" data-sheets-userformat=\"{&quot;2&quot;:513,&quot;3&quot;:{&quot;1&quot;:0},&quot;12&quot;:0}\">Jo\u00e3o Lu\u00eds Nogueira de Oliveira<\/span><\/em><\/p>\n<p><span data-sheets-value=\"{&quot;1&quot;:2,&quot;2&quot;:&quot;A f\\u00f3rmula de Satterthwaite \\u00e9 uma t\\u00e9cnica para aproximar uma combina\\u00e7\\u00e3o linear de quis-quadrados independentes por uma va. gama, utilizada no modelo linear para obter a distribui\\u00e7\\u00e3o aproximada de m\\u00e9dias ponderadas de estimadores de vari\\u00e2ncia. Apresentamos uma deriva\\u00e7\\u00e3o desta f\\u00f3rmula da perspetiva um pouco mais geral de aproximar uma combina\\u00e7\\u00e3o linear de vas. independentes gama por outra gama.&quot;}\" data-sheets-userformat=\"{&quot;2&quot;:513,&quot;3&quot;:{&quot;1&quot;:0},&quot;12&quot;:0}\">A f\u00f3rmula de Satterthwaite \u00e9 uma t\u00e9cnica para aproximar uma combina\u00e7\u00e3o linear de quis-quadrados independentes por uma va. gama, utilizada no modelo linear para obter a distribui\u00e7\u00e3o aproximada de m\u00e9dias ponderadas de estimadores de vari\u00e2ncia. Apresentamos uma deriva\u00e7\u00e3o desta f\u00f3rmula da perspetiva um pouco mais geral de aproximar uma combina\u00e7\u00e3o linear de vas. independentes gama por outra gama.<\/span><\/p>\n<p>&nbsp;<\/p>\n","protected":false},"excerpt":{"rendered":"<p>Jo\u00e3o Lu\u00eds Nogueira de Oliveira A f\u00f3rmula de Satterthwaite \u00e9 uma t\u00e9cnica para aproximar uma combina\u00e7\u00e3o linear de quis-quadrados independentes por uma va. gama, utilizada no modelo linear para obter a distribui\u00e7\u00e3o aproximada de m\u00e9dias ponderadas de estimadores de vari\u00e2ncia. Apresentamos uma deriva\u00e7\u00e3o desta f\u00f3rmula da perspetiva um pouco mais geral de aproximar uma combina\u00e7\u00e3o &hellip; <a href=\"https:\/\/matuma.uma.pt\/index.php\/joliveira\/\" class=\"more-link\">Continuar a ler <span class=\"screen-reader-text\">A Aproxima\u00e7\u00e3o de Satterthwaite Revisitada<\/span><\/a><\/p>\n","protected":false},"author":1,"featured_media":0,"parent":0,"menu_order":0,"comment_status":"closed","ping_status":"closed","template":"","meta":{"footnotes":""},"class_list":["post-250","page","type-page","status-publish","hentry"],"_links":{"self":[{"href":"https:\/\/matuma.uma.pt\/index.php\/wp-json\/wp\/v2\/pages\/250","targetHints":{"allow":["GET"]}}],"collection":[{"href":"https:\/\/matuma.uma.pt\/index.php\/wp-json\/wp\/v2\/pages"}],"about":[{"href":"https:\/\/matuma.uma.pt\/index.php\/wp-json\/wp\/v2\/types\/page"}],"author":[{"embeddable":true,"href":"https:\/\/matuma.uma.pt\/index.php\/wp-json\/wp\/v2\/users\/1"}],"replies":[{"embeddable":true,"href":"https:\/\/matuma.uma.pt\/index.php\/wp-json\/wp\/v2\/comments?post=250"}],"version-history":[{"count":1,"href":"https:\/\/matuma.uma.pt\/index.php\/wp-json\/wp\/v2\/pages\/250\/revisions"}],"predecessor-version":[{"id":251,"href":"https:\/\/matuma.uma.pt\/index.php\/wp-json\/wp\/v2\/pages\/250\/revisions\/251"}],"wp:attachment":[{"href":"https:\/\/matuma.uma.pt\/index.php\/wp-json\/wp\/v2\/media?parent=250"}],"curies":[{"name":"wp","href":"https:\/\/api.w.org\/{rel}","templated":true}]}}