{"id":252,"date":"2016-05-31T19:32:00","date_gmt":"2016-05-31T19:32:00","guid":{"rendered":"http:\/\/matuma.uma.pt\/?page_id=252"},"modified":"2016-05-31T19:32:00","modified_gmt":"2016-05-31T19:32:00","slug":"svelosa","status":"publish","type":"page","link":"https:\/\/matuma.uma.pt\/index.php\/svelosa\/","title":{"rendered":"Centragem em Estat\u00edstica n\u00e3o Param\u00e9trica"},"content":{"rendered":"<p><em><span data-sheets-value=\"{&quot;1&quot;:2,&quot;2&quot;:&quot;S\\u00edlvio Filipe Velosa&quot;}\" data-sheets-userformat=\"{&quot;2&quot;:513,&quot;3&quot;:{&quot;1&quot;:0},&quot;12&quot;:0}\">S\u00edlvio Filipe Velosa<\/span><\/em><\/p>\n<p><span data-sheets-value=\"{&quot;1&quot;:2,&quot;2&quot;:&quot;V\\u00e1rios m\\u00e9todos n\\u00e3o param\\u00e9tricos usuais se baseiam numa estat\\u00edstica de teste positiva T com distribui\\u00e7\\u00e3o sim\\u00e9trica sob a hip\\u00f3tese nula. O mais frequente \\u00e9 serem tabulados valores cr\\u00edticos na cauda esquerda da distribui\\u00e7\\u00e3o de T, mas esta formula\\u00e7\\u00e3o tem o inconveniente de a localiza\\u00e7\\u00e3o da regi\\u00e3o de rejei\\u00e7\\u00e3o poder n\\u00e3o coincidir com o sentido da hip\\u00f3tese alternativa, ao contr\\u00e1rio do que sucede nos testes param\\u00e9tricos cl\\u00e1ssicos. Discutimos as vantagens e inconvenientes exposit\\u00f3rios de reformular estes testes com base na estat\\u00edstica centrada T\\u2019 = 2m \\u2013 2T, de valor m\\u00e9dio nulo. Exemplificamos com o teste dos sinais, o teste das ordens com sinais de Wilcoxon e o teste da soma das ordens de Mann-Whitney.&quot;}\" data-sheets-userformat=\"{&quot;2&quot;:513,&quot;3&quot;:{&quot;1&quot;:0},&quot;12&quot;:0}\">V\u00e1rios m\u00e9todos n\u00e3o param\u00e9tricos usuais se baseiam numa estat\u00edstica de teste positiva <em>T<\/em> com distribui\u00e7\u00e3o sim\u00e9trica sob a hip\u00f3tese nula. O mais frequente \u00e9 serem tabulados valores cr\u00edticos na cauda esquerda da distribui\u00e7\u00e3o de <em>T<\/em>, mas esta formula\u00e7\u00e3o tem o inconveniente de a localiza\u00e7\u00e3o da regi\u00e3o de rejei\u00e7\u00e3o poder n\u00e3o coincidir com o sentido da hip\u00f3tese alternativa, ao contr\u00e1rio do que sucede nos testes param\u00e9tricos cl\u00e1ssicos. Discutimos as vantagens e inconvenientes exposit\u00f3rios de reformular estes testes com base na estat\u00edstica centrada <em>T\u2019 = 2m \u2013 2T,<\/em> de valor m\u00e9dio nulo. Exemplificamos com o teste dos sinais, o teste das ordens com sinais de Wilcoxon e o teste da soma das ordens de Mann-Whitney.<\/span><\/p>\n<p>&nbsp;<\/p>\n","protected":false},"excerpt":{"rendered":"<p>S\u00edlvio Filipe Velosa V\u00e1rios m\u00e9todos n\u00e3o param\u00e9tricos usuais se baseiam numa estat\u00edstica de teste positiva T com distribui\u00e7\u00e3o sim\u00e9trica sob a hip\u00f3tese nula. O mais frequente \u00e9 serem tabulados valores cr\u00edticos na cauda esquerda da distribui\u00e7\u00e3o de T, mas esta formula\u00e7\u00e3o tem o inconveniente de a localiza\u00e7\u00e3o da regi\u00e3o de rejei\u00e7\u00e3o poder n\u00e3o coincidir com &hellip; <a href=\"https:\/\/matuma.uma.pt\/index.php\/svelosa\/\" class=\"more-link\">Continuar a ler <span class=\"screen-reader-text\">Centragem em Estat\u00edstica n\u00e3o Param\u00e9trica<\/span><\/a><\/p>\n","protected":false},"author":1,"featured_media":0,"parent":0,"menu_order":0,"comment_status":"closed","ping_status":"closed","template":"","meta":{"footnotes":""},"class_list":["post-252","page","type-page","status-publish","hentry"],"_links":{"self":[{"href":"https:\/\/matuma.uma.pt\/index.php\/wp-json\/wp\/v2\/pages\/252","targetHints":{"allow":["GET"]}}],"collection":[{"href":"https:\/\/matuma.uma.pt\/index.php\/wp-json\/wp\/v2\/pages"}],"about":[{"href":"https:\/\/matuma.uma.pt\/index.php\/wp-json\/wp\/v2\/types\/page"}],"author":[{"embeddable":true,"href":"https:\/\/matuma.uma.pt\/index.php\/wp-json\/wp\/v2\/users\/1"}],"replies":[{"embeddable":true,"href":"https:\/\/matuma.uma.pt\/index.php\/wp-json\/wp\/v2\/comments?post=252"}],"version-history":[{"count":2,"href":"https:\/\/matuma.uma.pt\/index.php\/wp-json\/wp\/v2\/pages\/252\/revisions"}],"predecessor-version":[{"id":269,"href":"https:\/\/matuma.uma.pt\/index.php\/wp-json\/wp\/v2\/pages\/252\/revisions\/269"}],"wp:attachment":[{"href":"https:\/\/matuma.uma.pt\/index.php\/wp-json\/wp\/v2\/media?parent=252"}],"curies":[{"name":"wp","href":"https:\/\/api.w.org\/{rel}","templated":true}]}}