{"id":444,"date":"2017-03-02T14:17:43","date_gmt":"2017-03-02T14:17:43","guid":{"rendered":"http:\/\/matuma.uma.pt\/?page_id=444"},"modified":"2026-03-12T15:36:49","modified_gmt":"2026-03-12T15:36:49","slug":"entrada","status":"publish","type":"page","link":"https:\/\/matuma.uma.pt\/","title":{"rendered":"III <em>Workshop<\/em> Matem\u00e1tica na UMa"},"content":{"rendered":"\n<h2 class=\"wp-block-heading has-text-align-center\">Das Ra\u00edzes ao Futuro<\/h2>\n\n\n\n<figure class=\"wp-block-image size-full\"><img loading=\"lazy\" decoding=\"async\" width=\"818\" height=\"714\" src=\"http:\/\/matuma.uma.pt\/wp-content\/uploads\/2026\/03\/small-image.bmp\" alt=\"\" class=\"wp-image-1171\"\/><\/figure>\n\n\n\n<div>\n<div>\n<p style=\"text-align: center;\">Sala do Senado da Universidade da Madeira<br>Campus Universit\u00e1rio da Penteada, Funchal<br>2 e 3 de junho de 2026<\/p>\n<\/div>\n<\/div>\n\n\n\n<p><\/p>\n\n\n\n<div style=\"height: 1cm;\"><\/div>\n<p style=\"font-size: 12px; text-align: center; color: gray;\">Conte\u00fado visual desenvolvido com assist\u00eancia criativa de OpenAI (2026)<\/p>\n","protected":false},"excerpt":{"rendered":"<p>Das Ra\u00edzes ao Futuro Sala do Senado da Universidade da MadeiraCampus Universit\u00e1rio da Penteada, Funchal2 e 3 de junho de 2026 Conte\u00fado visual desenvolvido com assist\u00eancia criativa de OpenAI (2026)<\/p>\n","protected":false},"author":1,"featured_media":0,"parent":0,"menu_order":0,"comment_status":"closed","ping_status":"closed","template":"","meta":{"footnotes":""},"class_list":["post-444","page","type-page","status-publish","hentry"],"_links":{"self":[{"href":"https:\/\/matuma.uma.pt\/index.php\/wp-json\/wp\/v2\/pages\/444","targetHints":{"allow":["GET"]}}],"collection":[{"href":"https:\/\/matuma.uma.pt\/index.php\/wp-json\/wp\/v2\/pages"}],"about":[{"href":"https:\/\/matuma.uma.pt\/index.php\/wp-json\/wp\/v2\/types\/page"}],"author":[{"embeddable":true,"href":"https:\/\/matuma.uma.pt\/index.php\/wp-json\/wp\/v2\/users\/1"}],"replies":[{"embeddable":true,"href":"https:\/\/matuma.uma.pt\/index.php\/wp-json\/wp\/v2\/comments?post=444"}],"version-history":[{"count":53,"href":"https:\/\/matuma.uma.pt\/index.php\/wp-json\/wp\/v2\/pages\/444\/revisions"}],"predecessor-version":[{"id":1224,"href":"https:\/\/matuma.uma.pt\/index.php\/wp-json\/wp\/v2\/pages\/444\/revisions\/1224"}],"wp:attachment":[{"href":"https:\/\/matuma.uma.pt\/index.php\/wp-json\/wp\/v2\/media?parent=444"}],"curies":[{"name":"wp","href":"https:\/\/api.w.org\/{rel}","templated":true}]}}