{"id":446,"date":"2017-03-02T14:18:03","date_gmt":"2017-03-02T14:18:03","guid":{"rendered":"http:\/\/matuma.uma.pt\/?page_id=446"},"modified":"2026-03-09T18:43:12","modified_gmt":"2026-03-09T18:43:12","slug":"sobre-o-workshop","status":"publish","type":"page","link":"https:\/\/matuma.uma.pt\/index.php\/sobre-o-workshop\/","title":{"rendered":"Sobre o <em>Workshop<\/em>"},"content":{"rendered":"<h2 class=\"site-description\" style=\"text-align: center;\"><span style=\"color: #000000;\">Das Ra\u00edzes ao Futuro<\/span><\/h2>\n<p>O Workshop Matem\u00e1tica na UMa pretende ser uma celebra\u00e7\u00e3o da matem\u00e1tica na Universidade da Madeira.<\/p>\n<p>Passados dez anos da primeira edi\u00e7\u00e3o, este terceiro workshop\u00a0pretende apresentar uma viagem entre as ra\u00edzes e o futuro da Matem\u00e1tica na Universidade da Madeira, atrav\u00e9s da participa\u00e7\u00e3o ativa dos membros do Departamento de Matem\u00e1tica e dos atuais e antigos alunos dos seus cursos, n\u00e3o excluindo outros potenciais intervenientes. Convidamos todos os que queiram participar nesta viagem.<\/p>\n<p class=\"site-description\" style=\"text-align: justify;\"><span style=\"color: #000000;\"><img loading=\"lazy\" decoding=\"async\" class=\"size-medium wp-image-546 alignright\" src=\"http:\/\/matuma.uma.pt\/wp-content\/uploads\/2017\/03\/logouma_institucional1-300x151.png\" alt=\"logouma_institucional1\" width=\"300\" height=\"151\" srcset=\"https:\/\/matuma.uma.pt\/wp-content\/uploads\/2017\/03\/logouma_institucional1-300x151.png 300w, https:\/\/matuma.uma.pt\/wp-content\/uploads\/2017\/03\/logouma_institucional1-768x388.png 768w, https:\/\/matuma.uma.pt\/wp-content\/uploads\/2017\/03\/logouma_institucional1.png 842w\" sizes=\"auto, (max-width: 300px) 100vw, 300px\" \/><\/span><\/p>\n<div>\n<div>\n<p>Data: 2 e 3 de junho de 2026.<\/p>\n<p>Local: Sala do Senado da Universidade da Madeira, Campus Universit\u00e1rio da Penteada, Funchal.<\/p>\n<div>\n<div>\n<div>\n<p><span style=\"color: #808080;\">O Workshop\u00a0aguarda valida\u00e7\u00e3o pela Dire\u00e7\u00e3o Regional de Educa\u00e7\u00e3o para efeitos de progress\u00e3o na carreira dos Docentes dos Grupos de Recrutamento 230 e 500.<\/span><\/p>\n<\/div>\n<\/div>\n<\/div>\n<p class=\"site-description\" style=\"text-align: left;\"><span style=\"color: #808080;\">Organiza\u00e7\u00e3o: Ana Abreu (CIMA),Ivo Sousa-Ferreira (CEAUL), S\u00f3nia Martins (CIE-UMa) e Sandra Mendon\u00e7a (CEAUL), do Departamento de Matem\u00e1tica da Universidade da Madeira, com o apoio de<\/span><img loading=\"lazy\" decoding=\"async\" class=\"wp-image-544 aligncenter\" src=\"http:\/\/matuma.uma.pt\/wp-content\/uploads\/2017\/03\/CDA-cor-300x201.png\" alt=\"CDA - cor\" width=\"121\" height=\"81\" srcset=\"https:\/\/matuma.uma.pt\/wp-content\/uploads\/2017\/03\/CDA-cor-300x201.png 300w, https:\/\/matuma.uma.pt\/wp-content\/uploads\/2017\/03\/CDA-cor-768x514.png 768w, https:\/\/matuma.uma.pt\/wp-content\/uploads\/2017\/03\/CDA-cor.png 883w\" sizes=\"auto, (max-width: 121px) 100vw, 121px\" \/><\/p>\n<h6><span style=\"color: #999999;\">Outros Apoios<\/span><\/h6>\n<\/div>\n<div><span style=\"color: #999999;\"><a href=\"http:\/\/matuma.uma.pt\/wp-content\/uploads\/2026\/03\/BrisaMaracujaSAcucar.png\"><img loading=\"lazy\" decoding=\"async\" class=\"aligncenter wp-image-1134\" src=\"http:\/\/matuma.uma.pt\/wp-content\/uploads\/2026\/03\/BrisaMaracujaSAcucar.png\" alt=\"\" width=\"107\" height=\"107\" \/><\/a><\/span><\/div>\n<\/div>\n\n\n<p><\/p>\n","protected":false},"excerpt":{"rendered":"<p>Das Ra\u00edzes ao Futuro O Workshop Matem\u00e1tica na UMa pretende ser uma celebra\u00e7\u00e3o da matem\u00e1tica na Universidade da Madeira. Passados dez anos da primeira edi\u00e7\u00e3o, este terceiro workshop\u00a0pretende apresentar uma viagem entre as ra\u00edzes e o futuro da Matem\u00e1tica na Universidade da Madeira, atrav\u00e9s da participa\u00e7\u00e3o ativa dos membros do Departamento de Matem\u00e1tica e dos &hellip; <a href=\"https:\/\/matuma.uma.pt\/index.php\/sobre-o-workshop\/\" class=\"more-link\">Continuar a ler <span class=\"screen-reader-text\">Sobre o <em>Workshop<\/em><\/span><\/a><\/p>\n","protected":false},"author":1,"featured_media":0,"parent":0,"menu_order":0,"comment_status":"closed","ping_status":"closed","template":"","meta":{"footnotes":""},"class_list":["post-446","page","type-page","status-publish","hentry"],"_links":{"self":[{"href":"https:\/\/matuma.uma.pt\/index.php\/wp-json\/wp\/v2\/pages\/446","targetHints":{"allow":["GET"]}}],"collection":[{"href":"https:\/\/matuma.uma.pt\/index.php\/wp-json\/wp\/v2\/pages"}],"about":[{"href":"https:\/\/matuma.uma.pt\/index.php\/wp-json\/wp\/v2\/types\/page"}],"author":[{"embeddable":true,"href":"https:\/\/matuma.uma.pt\/index.php\/wp-json\/wp\/v2\/users\/1"}],"replies":[{"embeddable":true,"href":"https:\/\/matuma.uma.pt\/index.php\/wp-json\/wp\/v2\/comments?post=446"}],"version-history":[{"count":37,"href":"https:\/\/matuma.uma.pt\/index.php\/wp-json\/wp\/v2\/pages\/446\/revisions"}],"predecessor-version":[{"id":1137,"href":"https:\/\/matuma.uma.pt\/index.php\/wp-json\/wp\/v2\/pages\/446\/revisions\/1137"}],"wp:attachment":[{"href":"https:\/\/matuma.uma.pt\/index.php\/wp-json\/wp\/v2\/media?parent=446"}],"curies":[{"name":"wp","href":"https:\/\/api.w.org\/{rel}","templated":true}]}}