{"id":452,"date":"2017-03-02T14:18:57","date_gmt":"2017-03-02T14:18:57","guid":{"rendered":"http:\/\/matuma.uma.pt\/?page_id=452"},"modified":"2020-03-05T15:01:53","modified_gmt":"2020-03-05T15:01:53","slug":"inscricoes2","status":"publish","type":"page","link":"https:\/\/matuma.uma.pt\/index.php\/inscricoes2\/","title":{"rendered":"II Workshop Matem\u00e1tica na UMa \u2013 Inscri\u00e7\u00f5es"},"content":{"rendered":"<p style=\"text-align: left;\">As inscri\u00e7\u00f5es no <em>Workshop<\/em> s\u00e3o realizadas atrav\u00e9s do preenchimento do formul\u00e1rio dispon\u00edvel <a href=\"https:\/\/tinyurl.com\/II-MATUMA-INSCRICAO\">aqui<\/a>.<\/p>\n<p style=\"text-align: left;\">O Workshop termina com um jantar para o qual \u00e9 necess\u00e1ria tamb\u00e9m uma inscri\u00e7\u00e3o. Mais informa\u00e7\u00f5es podem ser encontradas <a href=\"http:\/\/matuma.uma.pt\/index.php\/sobre-o-jantar\/\">aqui<\/a>.<\/p>\n<h6>Datas limites para a inscri\u00e7\u00e3o no <em>Workshop<\/em><\/h6>\n<p style=\"padding-left: 30px;\"><strong><span style=\"color: #ff6600;\">14<\/span><\/strong> de maio de 2017 &#8211; Com apresenta\u00e7\u00e3o de comunica\u00e7\u00e3o.<br \/>\n31 de maio de 2017 &#8211;\u00a0 Sem apresenta\u00e7\u00e3o de comunica\u00e7\u00e3o.<\/p>\n<h6>Pre\u00e7os da inscri\u00e7\u00e3o (inclui <em>coffee-breaks<\/em> e certificado de participa\u00e7\u00e3o)<\/h6>\n<p style=\"padding-left: 30px;\">Membros da UMa (professores e demais funcion\u00e1rios) &#8211; 5\u20ac.<br \/>\nAlunos da UMa &#8211; 5\u20ac (ou gratuito, sem <em>coffee breaks<\/em>).<br \/>\nParticipantes Externos &#8211; 10\u20ac.<\/p>\n<p>&nbsp;<\/p>\n<p>&nbsp;<\/p>\n<p>&nbsp;<\/p>\n","protected":false},"excerpt":{"rendered":"<p>As inscri\u00e7\u00f5es no Workshop s\u00e3o realizadas atrav\u00e9s do preenchimento do formul\u00e1rio dispon\u00edvel aqui. O Workshop termina com um jantar para o qual \u00e9 necess\u00e1ria tamb\u00e9m uma inscri\u00e7\u00e3o. Mais informa\u00e7\u00f5es podem ser encontradas aqui. Datas limites para a inscri\u00e7\u00e3o no Workshop 14 de maio de 2017 &#8211; Com apresenta\u00e7\u00e3o de comunica\u00e7\u00e3o. 31 de maio de 2017 &hellip; <a href=\"https:\/\/matuma.uma.pt\/index.php\/inscricoes2\/\" class=\"more-link\">Continuar a ler <span class=\"screen-reader-text\">II Workshop Matem\u00e1tica na UMa \u2013 Inscri\u00e7\u00f5es<\/span><\/a><\/p>\n","protected":false},"author":1,"featured_media":0,"parent":0,"menu_order":0,"comment_status":"closed","ping_status":"closed","template":"","meta":{"footnotes":""},"class_list":["post-452","page","type-page","status-publish","hentry"],"_links":{"self":[{"href":"https:\/\/matuma.uma.pt\/index.php\/wp-json\/wp\/v2\/pages\/452","targetHints":{"allow":["GET"]}}],"collection":[{"href":"https:\/\/matuma.uma.pt\/index.php\/wp-json\/wp\/v2\/pages"}],"about":[{"href":"https:\/\/matuma.uma.pt\/index.php\/wp-json\/wp\/v2\/types\/page"}],"author":[{"embeddable":true,"href":"https:\/\/matuma.uma.pt\/index.php\/wp-json\/wp\/v2\/users\/1"}],"replies":[{"embeddable":true,"href":"https:\/\/matuma.uma.pt\/index.php\/wp-json\/wp\/v2\/comments?post=452"}],"version-history":[{"count":19,"href":"https:\/\/matuma.uma.pt\/index.php\/wp-json\/wp\/v2\/pages\/452\/revisions"}],"predecessor-version":[{"id":1030,"href":"https:\/\/matuma.uma.pt\/index.php\/wp-json\/wp\/v2\/pages\/452\/revisions\/1030"}],"wp:attachment":[{"href":"https:\/\/matuma.uma.pt\/index.php\/wp-json\/wp\/v2\/media?parent=452"}],"curies":[{"name":"wp","href":"https:\/\/api.w.org\/{rel}","templated":true}]}}