{"id":454,"date":"2017-03-02T14:19:17","date_gmt":"2017-03-02T14:19:17","guid":{"rendered":"http:\/\/matuma.uma.pt\/?page_id=454"},"modified":"2020-03-05T15:00:13","modified_gmt":"2020-03-05T15:00:13","slug":"datas-importantes2","status":"publish","type":"page","link":"https:\/\/matuma.uma.pt\/index.php\/datas-importantes2\/","title":{"rendered":"II Workshop Matem\u00e1tica na UMa \u2013 Datas importantes"},"content":{"rendered":"<p>Maio de 2017<\/p>\n<p><span style=\"color: #000000;\"><strong><span style=\"color: #ff6600;\">14*<\/span><\/strong> &#8211; D<\/span><span style=\"color: #000000;\">ata limite para a submiss\u00e3o dos resumos e inscri\u00e7\u00e3o no <em>Workshop<\/em> (com apresenta\u00e7\u00e3o de comunica\u00e7\u00e3o).<br \/>\n19 &#8211; <\/span><span style=\"color: #000000;\">Data limite para a decis\u00e3o de aceita\u00e7\u00e3o dos resumos.<br \/>\n30 &#8211; Data limite para inscri\u00e7\u00e3o no semin\u00e1rio sat\u00e9lite.<br \/>\n31 &#8211; D<\/span><span style=\"color: #000000;\">ata limite para inscri\u00e7\u00e3o no <em>Workshop<\/em> (sem apresenta\u00e7\u00e3o de comunica\u00e7\u00e3o).<\/span><\/p>\n<p>Junho de 2017<\/p>\n<p><span style=\"color: #000000;\">1 &#8211; Dia da realiza\u00e7\u00e3o do semin\u00e1rio sat\u00e9lite.<br \/>\n12 &#8211; Dia da realiza\u00e7\u00e3o do <em>Workshop<\/em>.<\/span><\/p>\n<p><span style=\"color: #999999;\">*Nova data (alterado a 05\/05\/2017).<\/span><\/p>\n","protected":false},"excerpt":{"rendered":"<p>Maio de 2017 14* &#8211; Data limite para a submiss\u00e3o dos resumos e inscri\u00e7\u00e3o no Workshop (com apresenta\u00e7\u00e3o de comunica\u00e7\u00e3o). 19 &#8211; Data limite para a decis\u00e3o de aceita\u00e7\u00e3o dos resumos. 30 &#8211; Data limite para inscri\u00e7\u00e3o no semin\u00e1rio sat\u00e9lite. 31 &#8211; Data limite para inscri\u00e7\u00e3o no Workshop (sem apresenta\u00e7\u00e3o de comunica\u00e7\u00e3o). Junho de 2017 &hellip; <a href=\"https:\/\/matuma.uma.pt\/index.php\/datas-importantes2\/\" class=\"more-link\">Continuar a ler <span class=\"screen-reader-text\">II Workshop Matem\u00e1tica na UMa \u2013 Datas importantes<\/span><\/a><\/p>\n","protected":false},"author":1,"featured_media":0,"parent":0,"menu_order":0,"comment_status":"closed","ping_status":"closed","template":"","meta":{"footnotes":""},"class_list":["post-454","page","type-page","status-publish","hentry"],"_links":{"self":[{"href":"https:\/\/matuma.uma.pt\/index.php\/wp-json\/wp\/v2\/pages\/454","targetHints":{"allow":["GET"]}}],"collection":[{"href":"https:\/\/matuma.uma.pt\/index.php\/wp-json\/wp\/v2\/pages"}],"about":[{"href":"https:\/\/matuma.uma.pt\/index.php\/wp-json\/wp\/v2\/types\/page"}],"author":[{"embeddable":true,"href":"https:\/\/matuma.uma.pt\/index.php\/wp-json\/wp\/v2\/users\/1"}],"replies":[{"embeddable":true,"href":"https:\/\/matuma.uma.pt\/index.php\/wp-json\/wp\/v2\/comments?post=454"}],"version-history":[{"count":18,"href":"https:\/\/matuma.uma.pt\/index.php\/wp-json\/wp\/v2\/pages\/454\/revisions"}],"predecessor-version":[{"id":1029,"href":"https:\/\/matuma.uma.pt\/index.php\/wp-json\/wp\/v2\/pages\/454\/revisions\/1029"}],"wp:attachment":[{"href":"https:\/\/matuma.uma.pt\/index.php\/wp-json\/wp\/v2\/media?parent=454"}],"curies":[{"name":"wp","href":"https:\/\/api.w.org\/{rel}","templated":true}]}}