{"id":458,"date":"2017-03-02T14:19:50","date_gmt":"2017-03-02T14:19:50","guid":{"rendered":"http:\/\/matuma.uma.pt\/?page_id=458"},"modified":"2026-03-11T19:25:49","modified_gmt":"2026-03-11T19:25:49","slug":"contactos","status":"publish","type":"page","link":"https:\/\/matuma.uma.pt\/index.php\/contactos\/","title":{"rendered":"Contactos"},"content":{"rendered":"<p>Professora Ana Abreu<br \/>\nN.\u00ba de telefone: 291 705 198<br \/>\nCorreio eletr\u00f3nico: <a href=\"mailto:matuma@mail.uma.pt\">matuma@mail.uma.pt<\/a><\/p>\n<p>Departamento de Matem\u00e1tica<br \/>\nFaculdade de Ci\u00eancias Exatas e da Engenharia<br \/>\nUniversidade da Madeira<br \/>\nCampus Universit\u00e1rio da Penteada<br \/>\n9000-390 Funchal<\/p>\n<p>&nbsp;<\/p>\n","protected":false},"excerpt":{"rendered":"<p>Professora Ana Abreu N.\u00ba de telefone: 291 705 198 Correio eletr\u00f3nico: matuma@mail.uma.pt Departamento de Matem\u00e1tica Faculdade de Ci\u00eancias Exatas e da Engenharia Universidade da Madeira Campus Universit\u00e1rio da Penteada 9000-390 Funchal &nbsp;<\/p>\n","protected":false},"author":1,"featured_media":0,"parent":0,"menu_order":0,"comment_status":"closed","ping_status":"closed","template":"","meta":{"footnotes":""},"class_list":["post-458","page","type-page","status-publish","hentry"],"_links":{"self":[{"href":"https:\/\/matuma.uma.pt\/index.php\/wp-json\/wp\/v2\/pages\/458","targetHints":{"allow":["GET"]}}],"collection":[{"href":"https:\/\/matuma.uma.pt\/index.php\/wp-json\/wp\/v2\/pages"}],"about":[{"href":"https:\/\/matuma.uma.pt\/index.php\/wp-json\/wp\/v2\/types\/page"}],"author":[{"embeddable":true,"href":"https:\/\/matuma.uma.pt\/index.php\/wp-json\/wp\/v2\/users\/1"}],"replies":[{"embeddable":true,"href":"https:\/\/matuma.uma.pt\/index.php\/wp-json\/wp\/v2\/comments?post=458"}],"version-history":[{"count":7,"href":"https:\/\/matuma.uma.pt\/index.php\/wp-json\/wp\/v2\/pages\/458\/revisions"}],"predecessor-version":[{"id":1197,"href":"https:\/\/matuma.uma.pt\/index.php\/wp-json\/wp\/v2\/pages\/458\/revisions\/1197"}],"wp:attachment":[{"href":"https:\/\/matuma.uma.pt\/index.php\/wp-json\/wp\/v2\/media?parent=458"}],"curies":[{"name":"wp","href":"https:\/\/api.w.org\/{rel}","templated":true}]}}