{"id":557,"date":"2017-04-07T17:53:57","date_gmt":"2017-04-07T17:53:57","guid":{"rendered":"http:\/\/matuma.uma.pt\/?page_id=557"},"modified":"2020-03-05T15:15:37","modified_gmt":"2020-03-05T15:15:37","slug":"submissao-de-resumos2","status":"publish","type":"page","link":"https:\/\/matuma.uma.pt\/index.php\/submissao-de-resumos2\/","title":{"rendered":"II Workshop Matem\u00e1tica na UMa \u2013 Submiss\u00e3o de resumos"},"content":{"rendered":"<p>Os resumos devem ser submetidos (na vers\u00f5es LaTeX\/Word e pdf) at\u00e9 ao dia <strong><span style=\"color: #ff6600;\">14<\/span><\/strong> de maio de 2017, atrav\u00e9s do endere\u00e7o eletr\u00f3nico <a href=\"mailto:matuma@mail.uma.pt\">matuma@mail.uma.pt<\/a>.<\/p>\n<p style=\"text-align: left;\">A edi\u00e7\u00e3o dos resumos pode ser feita em LaTex (preferencialmente) ou em Word, segundo os seguintes modelos:\u00a0 <a href=\"http:\/\/matuma.uma.pt\/wp-content\/uploads\/2017\/04\/IIMatUMaTex.zip\" rel=\"\">LaTex<\/a>\/<a href=\"http:\/\/matuma.uma.pt\/wp-content\/uploads\/2017\/04\/IIMatUMaWord.zip\" rel=\"\">Word.<\/a><\/p>\n<h6>Sobre as comunica\u00e7\u00f5es<\/h6>\n<p>Cada comunica\u00e7\u00e3o tem a dura\u00e7\u00e3o m\u00e1xima de 15 minutos e um per\u00edodo de discuss\u00e3o de 5 minutos.<\/p>\n<p>Caso n\u00e3o seja poss\u00edvel incluir todas as comunica\u00e7\u00f5es no hor\u00e1rio previsto, as mesmas poder\u00e3o ser divulgadas na forma de um poster que estar\u00e1 exposto na Sala do Senado durante a realiza\u00e7\u00e3o do <em>Workshop<\/em>.<\/p>\n","protected":false},"excerpt":{"rendered":"<p>Os resumos devem ser submetidos (na vers\u00f5es LaTeX\/Word e pdf) at\u00e9 ao dia 14 de maio de 2017, atrav\u00e9s do endere\u00e7o eletr\u00f3nico matuma@mail.uma.pt. A edi\u00e7\u00e3o dos resumos pode ser feita em LaTex (preferencialmente) ou em Word, segundo os seguintes modelos:\u00a0 LaTex\/Word. Sobre as comunica\u00e7\u00f5es Cada comunica\u00e7\u00e3o tem a dura\u00e7\u00e3o m\u00e1xima de 15 minutos e um &hellip; <a href=\"https:\/\/matuma.uma.pt\/index.php\/submissao-de-resumos2\/\" class=\"more-link\">Continuar a ler <span class=\"screen-reader-text\">II Workshop Matem\u00e1tica na UMa \u2013 Submiss\u00e3o de resumos<\/span><\/a><\/p>\n","protected":false},"author":1,"featured_media":0,"parent":0,"menu_order":0,"comment_status":"closed","ping_status":"closed","template":"","meta":{"footnotes":""},"class_list":["post-557","page","type-page","status-publish","hentry"],"_links":{"self":[{"href":"https:\/\/matuma.uma.pt\/index.php\/wp-json\/wp\/v2\/pages\/557","targetHints":{"allow":["GET"]}}],"collection":[{"href":"https:\/\/matuma.uma.pt\/index.php\/wp-json\/wp\/v2\/pages"}],"about":[{"href":"https:\/\/matuma.uma.pt\/index.php\/wp-json\/wp\/v2\/types\/page"}],"author":[{"embeddable":true,"href":"https:\/\/matuma.uma.pt\/index.php\/wp-json\/wp\/v2\/users\/1"}],"replies":[{"embeddable":true,"href":"https:\/\/matuma.uma.pt\/index.php\/wp-json\/wp\/v2\/comments?post=557"}],"version-history":[{"count":23,"href":"https:\/\/matuma.uma.pt\/index.php\/wp-json\/wp\/v2\/pages\/557\/revisions"}],"predecessor-version":[{"id":1045,"href":"https:\/\/matuma.uma.pt\/index.php\/wp-json\/wp\/v2\/pages\/557\/revisions\/1045"}],"wp:attachment":[{"href":"https:\/\/matuma.uma.pt\/index.php\/wp-json\/wp\/v2\/media?parent=557"}],"curies":[{"name":"wp","href":"https:\/\/api.w.org\/{rel}","templated":true}]}}