{"id":643,"date":"2017-05-04T18:07:26","date_gmt":"2017-05-04T18:07:26","guid":{"rendered":"http:\/\/matuma.uma.pt\/?page_id=643"},"modified":"2020-03-05T15:13:41","modified_gmt":"2020-03-05T15:13:41","slug":"seminario-satelite2","status":"publish","type":"page","link":"https:\/\/matuma.uma.pt\/index.php\/seminario-satelite2\/","title":{"rendered":"II Workshop Matem\u00e1tica na UMa \u2013 Semin\u00e1rio sat\u00e9lite"},"content":{"rendered":"<h5 style=\"text-align: center;\">Mathematical Control in the Chemical Construction of Archimedean\/non-Archimedean Solids<\/h5>\n<p style=\"text-align: center;\">Makoto Fujita<br \/>\n(Departamento de Qu\u00edmica Aplicada, Universidade de T\u00f3quio)<\/p>\n<p style=\"text-align: center;\">1 de junho de 2017<\/p>\n<p style=\"text-align: center;\">Universidade da Madeira, Campus da Penteada, Anfiteatro 10, 10:00<\/p>\n<p style=\"text-align: center;\"><a href=\"http:\/\/cqm.uma.pt\/portal_mmx\/index.php?option=com_content&amp;view=article&amp;id=402%3Acqm-conferences&amp;catid=57%3Aultimas&amp;Itemid=13&amp;lang=pt\">Mais informa\u00e7\u00f5es e inscri\u00e7\u00e3o<\/a><\/p>\n","protected":false},"excerpt":{"rendered":"<p>Mathematical Control in the Chemical Construction of Archimedean\/non-Archimedean Solids Makoto Fujita (Departamento de Qu\u00edmica Aplicada, Universidade de T\u00f3quio) 1 de junho de 2017 Universidade da Madeira, Campus da Penteada, Anfiteatro 10, 10:00 Mais informa\u00e7\u00f5es e inscri\u00e7\u00e3o<\/p>\n","protected":false},"author":1,"featured_media":0,"parent":0,"menu_order":0,"comment_status":"closed","ping_status":"closed","template":"","meta":{"footnotes":""},"class_list":["post-643","page","type-page","status-publish","hentry"],"_links":{"self":[{"href":"https:\/\/matuma.uma.pt\/index.php\/wp-json\/wp\/v2\/pages\/643","targetHints":{"allow":["GET"]}}],"collection":[{"href":"https:\/\/matuma.uma.pt\/index.php\/wp-json\/wp\/v2\/pages"}],"about":[{"href":"https:\/\/matuma.uma.pt\/index.php\/wp-json\/wp\/v2\/types\/page"}],"author":[{"embeddable":true,"href":"https:\/\/matuma.uma.pt\/index.php\/wp-json\/wp\/v2\/users\/1"}],"replies":[{"embeddable":true,"href":"https:\/\/matuma.uma.pt\/index.php\/wp-json\/wp\/v2\/comments?post=643"}],"version-history":[{"count":9,"href":"https:\/\/matuma.uma.pt\/index.php\/wp-json\/wp\/v2\/pages\/643\/revisions"}],"predecessor-version":[{"id":1044,"href":"https:\/\/matuma.uma.pt\/index.php\/wp-json\/wp\/v2\/pages\/643\/revisions\/1044"}],"wp:attachment":[{"href":"https:\/\/matuma.uma.pt\/index.php\/wp-json\/wp\/v2\/media?parent=643"}],"curies":[{"name":"wp","href":"https:\/\/api.w.org\/{rel}","templated":true}]}}