{"id":680,"date":"2017-05-12T21:43:27","date_gmt":"2017-05-12T21:43:27","guid":{"rendered":"http:\/\/matuma.uma.pt\/?page_id=680"},"modified":"2020-03-05T15:10:00","modified_gmt":"2020-03-05T15:10:00","slug":"sobre-o-jantar2-2","status":"publish","type":"page","link":"https:\/\/matuma.uma.pt\/index.php\/sobre-o-jantar2-2\/","title":{"rendered":"II Workshop Matem\u00e1tica na UMa \u2013 Sobre o jantar"},"content":{"rendered":"<h6>Restaurante<\/h6>\n<h6><img loading=\"lazy\" decoding=\"async\" class=\"wp-image-692 aligncenter\" src=\"http:\/\/matuma.uma.pt\/wp-content\/uploads\/2017\/05\/Mania-da-Cozinha-300x97.jpg\" alt=\"Mania da Cozinha\" width=\"142\" height=\"46\" srcset=\"https:\/\/matuma.uma.pt\/wp-content\/uploads\/2017\/05\/Mania-da-Cozinha-300x97.jpg 300w, https:\/\/matuma.uma.pt\/wp-content\/uploads\/2017\/05\/Mania-da-Cozinha-768x249.jpg 768w, https:\/\/matuma.uma.pt\/wp-content\/uploads\/2017\/05\/Mania-da-Cozinha-1024x331.jpg 1024w, https:\/\/matuma.uma.pt\/wp-content\/uploads\/2017\/05\/Mania-da-Cozinha.jpg 1097w\" sizes=\"auto, (max-width: 142px) 100vw, 142px\" \/><\/h6>\n<p style=\"text-align: center;\">(Rua de S\u00e3o Pedro, 9)<\/p>\n<h6>Menu &#8211; Buffet<\/h6>\n<p><strong>Entradas: <\/strong>Tapas c\/ pat\u00e9 e riss\u00f3is de camar\u00e3o;<br \/>\n<strong>Pratos principais:<\/strong> Lombo de porco e bacalhau espiritual, com acompanhamentos diversos;<br \/>\n<strong>Sobremesas: <\/strong>Buffet;<br \/>\n<strong>Bebidas:<\/strong> Vinho tinto ou branco (1 garrafa p\/2 pxa), cervejas ou refrigerante (2 garrafas p\/pxa), \u00e1gua, caf\u00e9 ou ch\u00e1, 1 digestivo (vinho Madeira).<\/p>\n<h6>Inscri\u00e7\u00f5es<\/h6>\n<p>At\u00e9 ao dia 31 de maio (<a href=\"https:\/\/tinyurl.com\/IIMatUMa-Jantar\">clique aqui para se inscrever<\/a>).<\/p>\n<h6>Pre\u00e7o<\/h6>\n<p>18,50\u20ac<\/p>\n<p>Este valor dever\u00e1 ser entregue \u00e0 Professora D\u00e9lia Gouveia Reis (gabinete 2.88) at\u00e9 ao dia 9 de junho (preferencialmente) ou no dia 12 de junho, no momento do registo no Workshop, na Sala do Senado.<\/p>\n<h6>Data e hora<\/h6>\n<p>12 de junho de 2017, 20:00.<\/p>\n<p>&nbsp;<\/p>\n<p>&nbsp;<\/p>\n","protected":false},"excerpt":{"rendered":"<p>Restaurante (Rua de S\u00e3o Pedro, 9) Menu &#8211; Buffet Entradas: Tapas c\/ pat\u00e9 e riss\u00f3is de camar\u00e3o; Pratos principais: Lombo de porco e bacalhau espiritual, com acompanhamentos diversos; Sobremesas: Buffet; Bebidas: Vinho tinto ou branco (1 garrafa p\/2 pxa), cervejas ou refrigerante (2 garrafas p\/pxa), \u00e1gua, caf\u00e9 ou ch\u00e1, 1 digestivo (vinho Madeira). Inscri\u00e7\u00f5es At\u00e9 &hellip; <a href=\"https:\/\/matuma.uma.pt\/index.php\/sobre-o-jantar2-2\/\" class=\"more-link\">Continuar a ler <span class=\"screen-reader-text\">II Workshop Matem\u00e1tica na UMa \u2013 Sobre o jantar<\/span><\/a><\/p>\n","protected":false},"author":1,"featured_media":0,"parent":0,"menu_order":0,"comment_status":"closed","ping_status":"closed","template":"","meta":{"footnotes":""},"class_list":["post-680","page","type-page","status-publish","hentry"],"_links":{"self":[{"href":"https:\/\/matuma.uma.pt\/index.php\/wp-json\/wp\/v2\/pages\/680","targetHints":{"allow":["GET"]}}],"collection":[{"href":"https:\/\/matuma.uma.pt\/index.php\/wp-json\/wp\/v2\/pages"}],"about":[{"href":"https:\/\/matuma.uma.pt\/index.php\/wp-json\/wp\/v2\/types\/page"}],"author":[{"embeddable":true,"href":"https:\/\/matuma.uma.pt\/index.php\/wp-json\/wp\/v2\/users\/1"}],"replies":[{"embeddable":true,"href":"https:\/\/matuma.uma.pt\/index.php\/wp-json\/wp\/v2\/comments?post=680"}],"version-history":[{"count":24,"href":"https:\/\/matuma.uma.pt\/index.php\/wp-json\/wp\/v2\/pages\/680\/revisions"}],"predecessor-version":[{"id":1039,"href":"https:\/\/matuma.uma.pt\/index.php\/wp-json\/wp\/v2\/pages\/680\/revisions\/1039"}],"wp:attachment":[{"href":"https:\/\/matuma.uma.pt\/index.php\/wp-json\/wp\/v2\/media?parent=680"}],"curies":[{"name":"wp","href":"https:\/\/api.w.org\/{rel}","templated":true}]}}